{"id":58,"date":"2024-09-18T19:45:26","date_gmt":"2024-09-18T22:45:26","guid":{"rendered":"https:\/\/www.escolasdeveladobrasil.com.br\/?page_id=58"},"modified":"2024-09-18T22:10:10","modified_gmt":"2024-09-19T01:10:10","slug":"dicas","status":"publish","type":"page","link":"https:\/\/www.escolasdeveladobrasil.com.br\/?page_id=58","title":{"rendered":"Sugest\u00f5es de Pr\u00e1ticas"},"content":{"rendered":"\n<p>Esta \u00e9 a nossa listagem de sugest\u00f5es de pr\u00e1ticas sustent\u00e1veis no mar. <\/p>\n\n\n\n<p>Elimine 100% dos materiais descart\u00e1veis e substitua por reutiliz\u00e1veis e mais:<\/p>\n\n\n\n<ul class=\"wp-block-list\">\n<li>Substitua garrafas pet de 500ml por gal\u00f5es de 5lt e 10lt.<\/li>\n\n\n\n<li>Utilize somente produtos de limpeza biodegrad\u00e1veis.<\/li>\n\n\n\n<li>Substitua l\u00e2mpadas incandescentes por l\u00e2mpadas de led.<\/li>\n\n\n\n<li>Separe e destine corretamente os res\u00edduos org\u00e2nicos e s\u00f3lidos.<\/li>\n\n\n\n<li>Separe e destine corretamente sobras de combust\u00edvel, \u00f3leos, graxas, panos e estopas contaminadas.<\/li>\n\n\n\n<li>Use a \u00e1gua racionalmente.<\/li>\n\n\n\n<li>Reduza a quantidade de res\u00edduos s\u00f3lidos levados a bordo.<\/li>\n\n\n\n<li>Repense o material utilizado nas embalagens.<\/li>\n\n\n\n<li>Reduza a quantidade de horas de utiliza\u00e7\u00e3o do motor a diesel<\/li>\n\n\n\n<li>Utilize fontes de energia renov\u00e1vel (pain\u00e9is solares, geradores e\u00f3licos e hidro geradores).<\/li>\n\n\n\n<li>Utilize apenas filtro solar mineral ao entrar no mar.<\/li>\n<\/ul>\n","protected":false},"excerpt":{"rendered":"<p>Esta \u00e9 a nossa listagem de sugest\u00f5es de pr\u00e1ticas sustent\u00e1veis no mar. Elimine 100% dos materiais descart\u00e1veis e substitua por reutiliz\u00e1veis e mais:<\/p>\n","protected":false},"author":1,"featured_media":0,"parent":0,"menu_order":0,"comment_status":"closed","ping_status":"closed","template":"","meta":{"footnotes":""},"class_list":["post-58","page","type-page","status-publish","hentry"],"_links":{"self":[{"href":"https:\/\/www.escolasdeveladobrasil.com.br\/index.php?rest_route=\/wp\/v2\/pages\/58","targetHints":{"allow":["GET"]}}],"collection":[{"href":"https:\/\/www.escolasdeveladobrasil.com.br\/index.php?rest_route=\/wp\/v2\/pages"}],"about":[{"href":"https:\/\/www.escolasdeveladobrasil.com.br\/index.php?rest_route=\/wp\/v2\/types\/page"}],"author":[{"embeddable":true,"href":"https:\/\/www.escolasdeveladobrasil.com.br\/index.php?rest_route=\/wp\/v2\/users\/1"}],"replies":[{"embeddable":true,"href":"https:\/\/www.escolasdeveladobrasil.com.br\/index.php?rest_route=%2Fwp%2Fv2%2Fcomments&post=58"}],"version-history":[{"count":3,"href":"https:\/\/www.escolasdeveladobrasil.com.br\/index.php?rest_route=\/wp\/v2\/pages\/58\/revisions"}],"predecessor-version":[{"id":143,"href":"https:\/\/www.escolasdeveladobrasil.com.br\/index.php?rest_route=\/wp\/v2\/pages\/58\/revisions\/143"}],"wp:attachment":[{"href":"https:\/\/www.escolasdeveladobrasil.com.br\/index.php?rest_route=%2Fwp%2Fv2%2Fmedia&parent=58"}],"curies":[{"name":"wp","href":"https:\/\/api.w.org\/{rel}","templated":true}]}}