{"id":479,"date":"2025-10-06T08:39:18","date_gmt":"2025-10-06T11:39:18","guid":{"rendered":"https:\/\/www.escolasdeveladobrasil.com.br\/?page_id=479"},"modified":"2025-10-07T10:59:07","modified_gmt":"2025-10-07T13:59:07","slug":"conteudo-indicado","status":"publish","type":"page","link":"https:\/\/www.escolasdeveladobrasil.com.br\/?page_id=479","title":{"rendered":"Conte\u00fado Program\u00e1tico"},"content":{"rendered":"\n<p><\/p>\n\n\n\n<p><strong>Sugest\u00e3o de &#8221; Conte\u00fado Program\u00e1tico&#8221; (ementa) para os Cursos de Vela Oce\u00e2nica<\/strong> <strong>nos n\u00edveis B\u00e1sico, Intermedi\u00e1rio e Avan\u00e7ado.<\/strong><\/p>\n\n\n\n<p><strong>Por ABEV<\/strong><\/p>\n\n\n\n<div style=\"height:24px\" aria-hidden=\"true\" class=\"wp-block-spacer\"><\/div>\n\n\n\n<p><strong>M\u00f3dulo B\u00e1sico<\/strong><\/p>\n\n\n\n<p><strong>Sugest\u00e3o de carga hor\u00e1ria:<\/strong> (12 a 16h pr\u00e1ticas + virtual opcional)<\/p>\n\n\n\n<div style=\"height:21px\" aria-hidden=\"true\" class=\"wp-block-spacer\"><\/div>\n\n\n\n<p>\u2022 Previs\u00e3o b\u00e1sica do vento Windy<\/p>\n\n\n\n<p>\u2022 Seguran\u00e7a a bordo (obrigat\u00f3rios + dicas)<\/p>\n\n\n\n<p>\u2022 Procedimentos de sa\u00edda<\/p>\n\n\n\n<p>\u2022 Montagem das velas e prepara\u00e7\u00e3o<\/p>\n\n\n\n<p>\u2022 T\u00e9cnicas para subir\/ baixar vela grande<\/p>\n\n\n\n<p>\u2022 T\u00e9cnicas para abrir\/fechar genoa<\/p>\n\n\n\n<p>\u2022 Or\u00e7ar e arribar<\/p>\n\n\n\n<p>\u2022 Contravento b\u00e1sico<\/p>\n\n\n\n<p>\u2022 Trav\u00e9s<\/p>\n\n\n\n<p>\u2022 Popa<\/p>\n\n\n\n<p>\u2022 Aproar e desaproar<\/p>\n\n\n\n<p>\u2022 Cambada com tripula\u00e7\u00e3o<\/p>\n\n\n\n<p>\u2022 Introdu\u00e7\u00e3o ao Jaibe<\/p>\n\n\n\n<p>\u2022 Trimagem das velas<\/p>\n\n\n\n<p>\u2022 Fundeio b\u00e1sico<\/p>\n\n\n\n<p>\u2022 Poita ou desatraca\u00e7\u00e3o<\/p>\n\n\n\n<p>\u2022 RIPEAM 1 (regras de passagem)<\/p>\n\n\n\n<p>\u2022 N\u00f3s (Oito, Frade e Lais de Guia)<\/p>\n\n\n\n<div style=\"height:31px\" aria-hidden=\"true\" class=\"wp-block-spacer\"><\/div>\n\n\n\n<p><strong>M\u00f3dulo Intermedi\u00e1rio<\/strong><\/p>\n\n\n\n<p><strong>Sugest\u00e3o de carga hor\u00e1ria:<\/strong> (12 a 16h a bordo + virtual opcional)&nbsp;&nbsp;&nbsp;&nbsp;&nbsp;&nbsp;&nbsp;&nbsp;&nbsp;&nbsp;&nbsp;&nbsp;&nbsp;&nbsp;<\/p>\n\n\n\n<div style=\"height:22px\" aria-hidden=\"true\" class=\"wp-block-spacer\"><\/div>\n\n\n\n<p>\u2022 Previs\u00e3o com compara\u00e7\u00e3o de modelos Windy<\/p>\n\n\n\n<p>\u2022 Revis\u00f5es de seguran\u00e7a antes da sa\u00edda<\/p>\n\n\n\n<p>\u2022 Planejamento da rota (obstru\u00e7\u00f5es, Rv, Dmg e Rmg)<\/p>\n\n\n\n<p>\u2022 Fluxo laminar (birutas)<\/p>\n\n\n\n<p>\u2022 T\u00e9cnicas com o enrolador de genoa<\/p>\n\n\n\n<p>\u2022 Divis\u00e3o or\u00e7a m\u00e1xima e or\u00e7a folgada<\/p>\n\n\n\n<p>\u2022 Popa rasa<\/p>\n\n\n\n<p>\u2022 Aquartelar e desaquartelar<\/p>\n\n\n\n<p>\u2022 Cambada em dois e solo<\/p>\n\n\n\n<p>\u2022 Jaibe com 2 t\u00e9cnicas e como evitar<\/p>\n\n\n\n<p>\u2022 Regulagem do perfil das velas<\/p>\n\n\n\n<p>\u2022 Fundeio intermedi\u00e1rio (pontos em terra + App)<\/p>\n\n\n\n<p>\u2022 Troca da vela grande\/genoa com garruncho<\/p>\n\n\n\n<p>\u2022 Poita solo\/atraca\u00e7\u00e3o\/desatraca\u00e7\u00e3o<\/p>\n\n\n\n<p>\u2022 Navionic\u2019s 1<\/p>\n\n\n\n<p>\u2022 Motor check b\u00e1sico<\/p>\n\n\n\n<p>\u2022 VHF b\u00e1sico<\/p>\n\n\n\n<p>\u2022 Introdu\u00e7\u00e3o aos eletr\u00f4nicos<\/p>\n\n\n\n<p>\u2022 Bote de apoio<\/p>\n\n\n\n<p>\u2022 RIPEAM 2 (balizamento, sonoros e luminosos)<\/p>\n\n\n\n<p>\u2022 N\u00f3s (Direito, Escota, N\u00f3 de Cunho e Lais Duplo)<\/p>\n\n\n\n<div style=\"height:31px\" aria-hidden=\"true\" class=\"wp-block-spacer\"><\/div>\n\n\n\n<p><strong>M\u00f3dulo Avan\u00e7ado<\/strong><\/p>\n\n\n\n<p><strong>Sugest\u00e3o de carga hor\u00e1ria:<\/strong> (16 a 24h a bordo + virtual)<\/p>\n\n\n\n<div style=\"height:20px\" aria-hidden=\"true\" class=\"wp-block-spacer\"><\/div>\n\n\n\n<p>\u2022 Observa\u00e7\u00e3o esta\u00e7\u00f5es, nowcasting e roteamento<\/p>\n\n\n\n<p>\u2022 Checklist completo<\/p>\n\n\n\n<p>\u2022 Modo alto (espetar n\u00edveis 1 e 2)<\/p>\n\n\n\n<p>\u2022 Redu\u00e7\u00e3o de esfor\u00e7os mec\u00e2nicos<\/p>\n\n\n\n<p>\u2022 Asa de Pomba<\/p>\n\n\n\n<p>\u2022 Planejamento da rota (plano de navega\u00e7\u00e3o completo)<\/p>\n\n\n\n<p>\u2022 Fundeio (2 ferros)<\/p>\n\n\n\n<p>\u2022 Desencalhe b\u00e1sico<\/p>\n\n\n\n<p>\u2022 Preventers (2 tipos)<\/p>\n\n\n\n<p>\u2022 Marcha r\u00e9 motor e vela<\/p>\n\n\n\n<p>\u2022 Rizo<\/p>\n\n\n\n<p>\u2022 MOB<\/p>\n\n\n\n<p>\u2022 Troca de genoa no enrolador<\/p>\n\n\n\n<p>\u2022 VMG visual e b\u00fassola<\/p>\n\n\n\n<p>\u2022 Navionic\u2019s 2<\/p>\n\n\n\n<p>\u2022 Motor check completo<\/p>\n\n\n\n<p>\u2022 VHF avan\u00e7ado<\/p>\n\n\n\n<p>\u2022 Ponto da genoa<\/p>\n\n\n\n<p>\u2022 Abastecimentos e alimenta\u00e7\u00e3o<\/p>\n\n\n\n<p>\u2022 Cana de fortuna<\/p>\n\n\n\n<p>\u2022 Gennaker<\/p>\n\n\n\n<p>\u2022 N\u00f3s (Volta do Fiel, Fiel Armado, N\u00f3 de Pescador e Lais de Guia com Volta do Fiel)<\/p>\n","protected":false},"excerpt":{"rendered":"<p>Sugest\u00e3o de &#8221; Conte\u00fado Program\u00e1tico&#8221; (ementa) para os Cursos de Vela Oce\u00e2nica nos n\u00edveis B\u00e1sico, Intermedi\u00e1rio e Avan\u00e7ado. Por ABEV M\u00f3dulo B\u00e1sico Sugest\u00e3o de carga hor\u00e1ria: (12 a 16h pr\u00e1ticas + virtual opcional) \u2022 Previs\u00e3o b\u00e1sica do vento Windy \u2022 Seguran\u00e7a a bordo (obrigat\u00f3rios + dicas) \u2022 Procedimentos de sa\u00edda \u2022 Montagem das velas e prepara\u00e7\u00e3o \u2022 T\u00e9cnicas para subir\/ &hellip; <\/p>\n","protected":false},"author":1,"featured_media":0,"parent":0,"menu_order":0,"comment_status":"closed","ping_status":"closed","template":"","meta":{"footnotes":""},"class_list":["post-479","page","type-page","status-publish","hentry"],"_links":{"self":[{"href":"https:\/\/www.escolasdeveladobrasil.com.br\/index.php?rest_route=\/wp\/v2\/pages\/479","targetHints":{"allow":["GET"]}}],"collection":[{"href":"https:\/\/www.escolasdeveladobrasil.com.br\/index.php?rest_route=\/wp\/v2\/pages"}],"about":[{"href":"https:\/\/www.escolasdeveladobrasil.com.br\/index.php?rest_route=\/wp\/v2\/types\/page"}],"author":[{"embeddable":true,"href":"https:\/\/www.escolasdeveladobrasil.com.br\/index.php?rest_route=\/wp\/v2\/users\/1"}],"replies":[{"embeddable":true,"href":"https:\/\/www.escolasdeveladobrasil.com.br\/index.php?rest_route=%2Fwp%2Fv2%2Fcomments&post=479"}],"version-history":[{"count":5,"href":"https:\/\/www.escolasdeveladobrasil.com.br\/index.php?rest_route=\/wp\/v2\/pages\/479\/revisions"}],"predecessor-version":[{"id":488,"href":"https:\/\/www.escolasdeveladobrasil.com.br\/index.php?rest_route=\/wp\/v2\/pages\/479\/revisions\/488"}],"wp:attachment":[{"href":"https:\/\/www.escolasdeveladobrasil.com.br\/index.php?rest_route=%2Fwp%2Fv2%2Fmedia&parent=479"}],"curies":[{"name":"wp","href":"https:\/\/api.w.org\/{rel}","templated":true}]}}