{"id":43,"date":"2024-09-18T19:41:21","date_gmt":"2024-09-18T22:41:21","guid":{"rendered":"https:\/\/www.escolasdeveladobrasil.com.br\/?page_id=43"},"modified":"2024-09-18T20:58:36","modified_gmt":"2024-09-18T23:58:36","slug":"valores","status":"publish","type":"page","link":"https:\/\/www.escolasdeveladobrasil.com.br\/?page_id=43","title":{"rendered":"Valores"},"content":{"rendered":"\n<p><strong>Seguran\u00e7a<\/strong>: Garantir que todas as atividades n\u00e1uticas sigam os mais altos padr\u00f5es de seguran\u00e7a.<\/p>\n\n\n\n<p><strong>Sustentabilidade<\/strong>: Promover pr\u00e1ticas n\u00e1uticas respons\u00e1veis, o respeito e a conserva\u00e7\u00e3o dos ecossistemas marinhos.<\/p>\n\n\n\n<p><strong>Inclus\u00e3o<\/strong>: Tornar a pr\u00e1tica da vela acess\u00edvel a todas as faixas et\u00e1rias e classes sociais, incentivando a participa\u00e7\u00e3o de mulheres e jovens.<\/p>\n\n\n\n<p><strong>Educa\u00e7\u00e3o<\/strong>: Fomentar a forma\u00e7\u00e3o cont\u00ednua de instrutores e alunos, com metodologias que incentivem a coopera\u00e7\u00e3o e o desenvolvimento pessoal.<\/p>\n\n\n\n<p><strong>Companheirismo<\/strong>: Fortalecer os la\u00e7os entre velejadores, escolas e comunidades locais.<\/p>\n\n\n\n<p><strong>Excel\u00eancia no ensino:<\/strong> Comprometimento com a qualidade, seguran\u00e7a e \u00e9tica profissional no ensino da vela.<\/p>\n\n\n\n<p><strong>Coopera\u00e7\u00e3o:<\/strong> Fomento ao trabalho colaborativo entre escolas, instrutores e entidades do setor.<\/p>\n\n\n\n<p><strong>Qualidade:<\/strong> Busca constante por melhorias, novas metodologias e tecnologias no ensino n\u00e1utico.<\/p>\n\n\n\n<p><strong>Tradi\u00e7\u00e3o e cultura marinheira:<\/strong> Respeito e preserva\u00e7\u00e3o da hist\u00f3ria e tradi\u00e7\u00f5es do esporte da vela no Brasil.<\/p>\n\n\n\n<p><strong>Transpar\u00eancia e responsabilidade na gest\u00e3o da associa\u00e7\u00e3o.<\/strong><\/p>\n","protected":false},"excerpt":{"rendered":"<p>Seguran\u00e7a: Garantir que todas as atividades n\u00e1uticas sigam os mais altos padr\u00f5es de seguran\u00e7a. Sustentabilidade: Promover pr\u00e1ticas n\u00e1uticas respons\u00e1veis, o respeito e a conserva\u00e7\u00e3o dos ecossistemas marinhos. Inclus\u00e3o: Tornar a pr\u00e1tica da vela acess\u00edvel a todas as faixas et\u00e1rias e classes sociais, incentivando a participa\u00e7\u00e3o de mulheres e jovens. Educa\u00e7\u00e3o: Fomentar a forma\u00e7\u00e3o cont\u00ednua de instrutores e alunos, com metodologias &hellip; <\/p>\n","protected":false},"author":1,"featured_media":0,"parent":0,"menu_order":0,"comment_status":"closed","ping_status":"closed","template":"","meta":{"footnotes":""},"class_list":["post-43","page","type-page","status-publish","hentry"],"_links":{"self":[{"href":"https:\/\/www.escolasdeveladobrasil.com.br\/index.php?rest_route=\/wp\/v2\/pages\/43","targetHints":{"allow":["GET"]}}],"collection":[{"href":"https:\/\/www.escolasdeveladobrasil.com.br\/index.php?rest_route=\/wp\/v2\/pages"}],"about":[{"href":"https:\/\/www.escolasdeveladobrasil.com.br\/index.php?rest_route=\/wp\/v2\/types\/page"}],"author":[{"embeddable":true,"href":"https:\/\/www.escolasdeveladobrasil.com.br\/index.php?rest_route=\/wp\/v2\/users\/1"}],"replies":[{"embeddable":true,"href":"https:\/\/www.escolasdeveladobrasil.com.br\/index.php?rest_route=%2Fwp%2Fv2%2Fcomments&post=43"}],"version-history":[{"count":2,"href":"https:\/\/www.escolasdeveladobrasil.com.br\/index.php?rest_route=\/wp\/v2\/pages\/43\/revisions"}],"predecessor-version":[{"id":111,"href":"https:\/\/www.escolasdeveladobrasil.com.br\/index.php?rest_route=\/wp\/v2\/pages\/43\/revisions\/111"}],"wp:attachment":[{"href":"https:\/\/www.escolasdeveladobrasil.com.br\/index.php?rest_route=%2Fwp%2Fv2%2Fmedia&parent=43"}],"curies":[{"name":"wp","href":"https:\/\/api.w.org\/{rel}","templated":true}]}}