{"id":427,"date":"2025-06-09T21:10:10","date_gmt":"2025-06-10T00:10:10","guid":{"rendered":"https:\/\/www.escolasdeveladobrasil.com.br\/?page_id=427"},"modified":"2025-06-09T21:11:38","modified_gmt":"2025-06-10T00:11:38","slug":"metodologias","status":"publish","type":"page","link":"https:\/\/www.escolasdeveladobrasil.com.br\/?page_id=427","title":{"rendered":"Metodologias"},"content":{"rendered":"\n<p><strong>Por Marcelo Visintainer Lopes<\/strong><\/p>\n\n\n\n<p><strong>Associa\u00e7\u00e3o Brasileira de Escolas de Vela<\/strong><\/p>\n\n\n\n<div style=\"height:20px\" aria-hidden=\"true\" class=\"wp-block-spacer\"><\/div>\n\n\n\n<p><\/p>\n\n\n\n<p>No contexto atual, onde a acelera\u00e7\u00e3o das mudan\u00e7as exige uma educa\u00e7\u00e3o mais flex\u00edvel e centrada no aluno, os cursos de veleiro encontram na escolha da metodologia certa uma oportunidade fundamental para promover aprendizagem significativa e segura Em vez de replicar padr\u00f5es mec\u00e2nicos, como no modelo tradicional expositivo, &nbsp;que coloca o instrutor como \u00fanica fonte de conhecimento, \u00e9 essencial adotar abordagens que fa\u00e7am do velejador um sujeito ativo na constru\u00e7\u00e3o de suas habilidades .<\/p>\n\n\n\n<p>Metodologias ativas, como a aprendizagem por problemas (PBL), ensino modular, simula\u00e7\u00f5es e a sala de aula invertida, s\u00e3o capazes de integrar teoria e pr\u00e1tica, favorecendo a autonomia e a tomada de decis\u00e3o em situa\u00e7\u00f5es reais de navega\u00e7\u00e3o como manobras, mudan\u00e7as s\u00fabitas no vento ou coordena\u00e7\u00e3o da tripula\u00e7\u00e3o. Estas estrat\u00e9gias transformam o treinamento em uma experi\u00eancia reflexiva e din\u00e2mica, onde o aprendizado se d\u00e1 no conv\u00edvio direto com o barco e o mar.<\/p>\n\n\n\n<p>Assim, a escolha e combina\u00e7\u00e3o bem planejadas dessas metodologias, adaptadas ao perfil de cada turma e aos est\u00e1gios de aprendizado, oferecem um caminho claro para formar velejadores confiantes, capazes de operar com seguran\u00e7a e esp\u00edrito colaborativo.<\/p>\n\n\n\n<p>Exploraremos a seguir os principais modelos aplic\u00e1veis a cursos de vela, destacando como cada um pode ser estruturado para maximizar o dom\u00ednio pr\u00e1tico e te\u00f3rico dos alunos.<\/p>\n\n\n\n<div style=\"height:20px\" aria-hidden=\"true\" class=\"wp-block-spacer\"><\/div>\n\n\n\n<p><strong>1. Aprendizagem pr\u00e1tica baseada em experi\u00eancia<\/strong><\/p>\n\n\n\n<ul class=\"wp-block-list\">\n<li><strong>Pr\u00e1tica em situa\u00e7\u00f5es reais<\/strong>: a pr\u00e1tica de navega\u00e7\u00e3o em diferentes condi\u00e7\u00f5es de vento e onda e em diferentes classes, permite que os alunos enfrentem desafios e desenvolvam a confian\u00e7a necess\u00e1ria para alcan\u00e7ar a autonomia t\u00e3o sonhada.<\/li>\n\n\n\n<li><strong>Feedback imediato<\/strong>: durante a pr\u00e1tica, o instrutor fornece feedback constante para ajustar manobras e t\u00e9cnicas em tempo real, mas sem gritaria e palavr\u00f5es&#8230; Tom de voz alto pode ser necess\u00e1rio para se fazer entender quando voc\u00ea estiver longe, mas isto pode ser resolvido com megafone ou com r\u00e1dios de comunica\u00e7\u00e3o. S\u00e3o pr\u00e1ticas mais eficientes do que os gritos. Os gritos traumatizam e fazem boa parte dos alunos procurarem por instrutores com outros m\u00e9todos menos rudes. Ningu\u00e9m gosta de pagar por um servi\u00e7o e ser tratado aos gritos.<\/li>\n\n\n\n<li><strong>Pr\u00e1ticas regulares<\/strong>: o desenvolvimento da habilidade de velejar vem da repeti\u00e7\u00e3o constante em condi\u00e7\u00f5es variadas. Evolu\u00e7\u00e3o constante significa pr\u00e1tica constante.<\/li>\n<\/ul>\n\n\n\n<div style=\"height:20px\" aria-hidden=\"true\" class=\"wp-block-spacer\"><\/div>\n\n\n\n<p><strong>2. M\u00e9todo de demonstra\u00e7\u00e3o e execu\u00e7\u00e3o<\/strong><\/p>\n\n\n\n<ul class=\"wp-block-list\">\n<li><strong>Demonstra\u00e7\u00e3o<\/strong>: o instrutor demonstra habilidades, como a montagem do barco, manobras de velas, ou mesmo t\u00e9cnicas de resgate.<\/li>\n\n\n\n<li><strong>Execu\u00e7\u00e3o pelo aluno<\/strong>: ap\u00f3s a demonstra\u00e7\u00e3o, o aluno realiza a mesma atividade, recebendo orienta\u00e7\u00e3o e ajustes do instrutor.<\/li>\n<\/ul>\n\n\n\n<div style=\"height:20px\" aria-hidden=\"true\" class=\"wp-block-spacer\"><\/div>\n\n\n\n<p><strong>3. Aprendizagem baseada em projetos<\/strong><\/p>\n\n\n\n<ul class=\"wp-block-list\">\n<li><strong>Desenvolvimento de projetos pr\u00e1ticos<\/strong>: os alunos podem ser incentivados a planejar e executar uma rota de navega\u00e7\u00e3o, organizar uma miss\u00e3o de preparar o barco para ventos fortes ou criar solu\u00e7\u00f5es para poss\u00edveis problemas. Isto \u00e9 muito eficaz para desenvolver a capacidade de tomada de decis\u00e3o e autonomia.<\/li>\n\n\n\n<li><strong>Compet\u00eancias em equipe<\/strong>: trabalhar em grupos para gerir um barco de forma eficiente ensina coopera\u00e7\u00e3o e lideran\u00e7a, elementos essenciais no nosso esporte.<\/li>\n<\/ul>\n\n\n\n<div style=\"height:19px\" aria-hidden=\"true\" class=\"wp-block-spacer\"><\/div>\n\n\n\n<p><strong>4. Ensino baseado em simula\u00e7\u00e3o e troca de fun\u00e7\u00f5es (role-playing)<\/strong><\/p>\n\n\n\n<ul class=\"wp-block-list\">\n<li><strong>Simula\u00e7\u00f5es<\/strong>: uso de simuladores de vela (ASA Sailing por exemplo) para treinar manobras simples e complexas s\u00e3o \u00f3timos para complementar o ensino pr\u00e1tico e ampliar a vis\u00e3o global das manobras.<\/li>\n\n\n\n<li>Troca de fun\u00e7\u00f5es: os alunos assumem diferentes pap\u00e9is a bordo (timoneiro, proeiro, trimer) para desenvolver habilidades em todas as \u00e1reas da tripula\u00e7\u00e3o.<\/li>\n<\/ul>\n\n\n\n<div style=\"height:20px\" aria-hidden=\"true\" class=\"wp-block-spacer\"><\/div>\n\n\n\n<p><strong>5. Aulas te\u00f3ricas baseadas em problemas<\/strong><\/p>\n\n\n\n<ul class=\"wp-block-list\">\n<li><strong>Resolu\u00e7\u00e3o de problemas<\/strong>: em vez de focar apenas em teoria, as aulas te\u00f3ricas podem ser organizadas em torno de problemas reais, como como reagir a uma tempestade repentina ou como fixar o rumo a partir da dire\u00e7\u00e3o da ondula\u00e7\u00e3o em rela\u00e7\u00e3o aos \u00e2ngulos relativos do barco.<\/li>\n\n\n\n<li><strong>Estudo de casos<\/strong>: utilizar exemplos de incidentes a bordo (temos v\u00e1rios dispon\u00edveis na rede) para ajudar a ilustrar como a teoria se aplica na pr\u00e1tica.<\/li>\n<\/ul>\n\n\n\n<div style=\"height:19px\" aria-hidden=\"true\" class=\"wp-block-spacer\"><\/div>\n\n\n\n<p><strong>6. Ensino modular<\/strong><\/p>\n\n\n\n<ul class=\"wp-block-list\">\n<li><strong>Teoria e pr\u00e1tica paralelas<\/strong>: dividir o ensino em m\u00f3dulos, onde conceitos te\u00f3ricos s\u00e3o rapidamente seguidos de pr\u00e1tica relacionada. Por exemplo, ap\u00f3s aprender sobre os \u00e2ngulos naveg\u00e1veis, sair imediatamente para velejar e realizar a leitura da biruta na pr\u00e1tica.<\/li>\n\n\n\n<li><strong>Progress\u00e3o gradual<\/strong>: passo 1, passo 2 e passo 3. A progress\u00e3o pedag\u00f3gica deve ser muito bem pensada para que os conte\u00fados possam crescer em complexidade. Come\u00e7amos com habilidades b\u00e1sicas e vamos avan\u00e7ando.<\/li>\n<\/ul>\n\n\n\n<div style=\"height:20px\" aria-hidden=\"true\" class=\"wp-block-spacer\"><\/div>\n\n\n\n<p><strong>7. Ensino personalizado<\/strong><\/p>\n\n\n\n<ul class=\"wp-block-list\">\n<li><strong>Foco nas necessidades individuais<\/strong>: cada aluno tem uma curva de aprendizagem diferente e o ensino deve ser adaptado conforme o progresso e necessidades espec\u00edficas de cada um, seja refor\u00e7ando o conhecimento te\u00f3rico ou pr\u00e1ticas espec\u00edficas.<\/li>\n<\/ul>\n\n\n\n<div style=\"height:19px\" aria-hidden=\"true\" class=\"wp-block-spacer\"><\/div>\n\n\n\n<p><strong>8. Feedback reflexivo<\/strong><\/p>\n\n\n\n<ul class=\"wp-block-list\">\n<li><strong>Reflex\u00e3o ap\u00f3s pr\u00e1tica<\/strong>: sess\u00f5es de revis\u00e3o p\u00f3s-pr\u00e1tica, onde os alunos analisam suas manobras, discutem erros, acertos e formas de melhorar.<\/li>\n\n\n\n<li><strong>Uso de v\u00eddeos<\/strong>: filmar as aulas pr\u00e1ticas e revis\u00e1-las permite ao aluno ver claramente onde pode melhorar.<\/li>\n<\/ul>\n\n\n\n<div style=\"height:19px\" aria-hidden=\"true\" class=\"wp-block-spacer\"><\/div>\n\n\n\n<p><strong>9. Uso de tecnologia<\/strong><\/p>\n\n\n\n<ul class=\"wp-block-list\">\n<li><strong>Aplicativos de navega\u00e7\u00e3o<\/strong>: estas ferramentas podem auxiliar no ensino da vela e no planejamento das rotas, permitindo que os alunos simulem situa\u00e7\u00f5es e visualizem seus trajetos em tempo real.<\/li>\n\n\n\n<li><strong>Virtual e v\u00eddeos<\/strong>: a parte te\u00f3rica, v\u00eddeos e plataformas de aprendizado virtual podem ser integrados para que os alunos avancem em seu ritmo e para que diminuamos o tempo gasto com explica\u00e7\u00f5es te\u00f3ricas nas sess\u00f5es pr\u00e1ticas.<\/li>\n<\/ul>\n\n\n\n<div style=\"height:19px\" aria-hidden=\"true\" class=\"wp-block-spacer\"><\/div>\n\n\n\n<p><strong>10. Competi\u00e7\u00e3o como ferramenta de aprendizagem<\/strong><\/p>\n\n\n\n<ul class=\"wp-block-list\">\n<li><strong>Regatas e competi\u00e7\u00f5es<\/strong>: incentivar a participa\u00e7\u00e3o dos alunos em regatas \u00e9 uma excelente ferramenta de aprendizado pr\u00e1tico para aqueles que j\u00e1 se encontram em n\u00edveis mais avan\u00e7ados. A press\u00e3o e as condi\u00e7\u00f5es desafiadoras unidas \u00e0 performance constante, faz com que eles entendam rapidamente a import\u00e2ncia de todo o conte\u00fado que aprenderam at\u00e9 ali, permitindo novas conex\u00f5es neurais e r\u00e1pida evolu\u00e7\u00e3o.<\/li>\n<\/ul>\n\n\n\n<div style=\"height:19px\" aria-hidden=\"true\" class=\"wp-block-spacer\"><\/div>\n\n\n\n<p><strong>11. Sala de Aula Invertida<\/strong><\/p>\n\n\n\n<p>O conceito de Flipped Classroom, \u00e9 uma abordagem pedag\u00f3gica em que a ordem tradicional de ensino \u00e9 invertida e os alunos s\u00e3o incentivados a aprender o conte\u00fado te\u00f3rico fora da sala de aula.<\/p>\n\n\n\n<p>A ideia \u00e9 que o aluno chegue \u00e0 aula j\u00e1 familiarizado com o tema, permitindo que o professor utilize o tempo presencial para aprofundar o conte\u00fado, esclarecer d\u00favidas, incentivar a colabora\u00e7\u00e3o e aplicar o conhecimento em situa\u00e7\u00f5es reais ou problem\u00e1ticas. Isso torna o aprendizado mais din\u00e2mico e focado nas necessidades dos alunos.<\/p>\n\n\n\n<p><strong>Caracter\u00edsticas principais<\/strong><\/p>\n\n\n\n<ul class=\"wp-block-list\">\n<li><strong>Estudo pr\u00e9vio:<\/strong> os alunos t\u00eam acesso ao conte\u00fado antes da aula. Isso pode incluir assistir a v\u00eddeos, ler artigos, ou estudar materiais fornecidos pelo instrutor.<\/li>\n<\/ul>\n\n\n\n<ul class=\"wp-block-list\">\n<li><strong>Aulas pr\u00e1ticas:<\/strong> o tempo em sala de aula \u00e9 focado em aplicar o conhecimento adquirido, permitindo maior intera\u00e7\u00e3o entre alunos e instrutor, e promovendo o aprendizado ativo.<\/li>\n<\/ul>\n\n\n\n<ul class=\"wp-block-list\">\n<li><strong>Aprendizado ativo:<\/strong> com a invers\u00e3o, os instrutores se tornam facilitadores, orientando os alunos a desenvolverem habilidades pr\u00e1ticas, an\u00e1lise cr\u00edtica e resolu\u00e7\u00e3o de problemas.<\/li>\n<\/ul>\n\n\n\n<ul class=\"wp-block-list\">\n<li><strong>Personaliza\u00e7\u00e3o:<\/strong> como os alunos podem estudar o conte\u00fado te\u00f3rico no seu pr\u00f3prio ritmo antes da aula, \u00e9 poss\u00edvel que o professor use o tempo presencial para atender \u00e0s necessidades espec\u00edficas de cada um, promovendo um aprendizado mais personalizado.<\/li>\n<\/ul>\n\n\n\n<div style=\"height:19px\" aria-hidden=\"true\" class=\"wp-block-spacer\"><\/div>\n\n\n\n<p><strong>Benef\u00edcios<\/strong><\/p>\n\n\n\n<ul class=\"wp-block-list\">\n<li><strong>Maior engajamento:<\/strong> alunos participam ativamente durante a aula.<\/li>\n<\/ul>\n\n\n\n<ul class=\"wp-block-list\">\n<li><strong>Flexibilidade:<\/strong> cada aluno pode estudar no seu ritmo antes do encontro presencial.<\/li>\n<\/ul>\n\n\n\n<ul class=\"wp-block-list\">\n<li><strong>Desenvolvimento de habilidades:<\/strong> foco no desenvolvimento de habilidades pr\u00e1ticas e resolu\u00e7\u00e3o de problemas, que muitas vezes s\u00e3o negligenciadas no modelo tradicional.<\/li>\n<\/ul>\n\n\n\n<ul class=\"wp-block-list\">\n<li><strong>Feedback imediato:<\/strong> instrutores conseguem oferecer um feedback mais direto durante as atividades presenciais.<\/li>\n<\/ul>\n\n\n\n<p>Essa metodologia \u00e9 especialmente eficaz no ensino de vela, onde as aulas pr\u00e1ticas e o aprendizado ativo t\u00eam grande import\u00e2ncia.<\/p>\n","protected":false},"excerpt":{"rendered":"<p>Por Marcelo Visintainer Lopes Associa\u00e7\u00e3o Brasileira de Escolas de Vela No contexto atual, onde a acelera\u00e7\u00e3o das mudan\u00e7as exige uma educa\u00e7\u00e3o mais flex\u00edvel e centrada no aluno, os cursos de veleiro encontram na escolha da metodologia certa uma oportunidade fundamental para promover aprendizagem significativa e segura Em vez de replicar padr\u00f5es mec\u00e2nicos, como no modelo tradicional expositivo, &nbsp;que coloca o &hellip; <\/p>\n","protected":false},"author":1,"featured_media":0,"parent":0,"menu_order":0,"comment_status":"closed","ping_status":"closed","template":"","meta":{"footnotes":""},"class_list":["post-427","page","type-page","status-publish","hentry"],"_links":{"self":[{"href":"https:\/\/www.escolasdeveladobrasil.com.br\/index.php?rest_route=\/wp\/v2\/pages\/427","targetHints":{"allow":["GET"]}}],"collection":[{"href":"https:\/\/www.escolasdeveladobrasil.com.br\/index.php?rest_route=\/wp\/v2\/pages"}],"about":[{"href":"https:\/\/www.escolasdeveladobrasil.com.br\/index.php?rest_route=\/wp\/v2\/types\/page"}],"author":[{"embeddable":true,"href":"https:\/\/www.escolasdeveladobrasil.com.br\/index.php?rest_route=\/wp\/v2\/users\/1"}],"replies":[{"embeddable":true,"href":"https:\/\/www.escolasdeveladobrasil.com.br\/index.php?rest_route=%2Fwp%2Fv2%2Fcomments&post=427"}],"version-history":[{"count":2,"href":"https:\/\/www.escolasdeveladobrasil.com.br\/index.php?rest_route=\/wp\/v2\/pages\/427\/revisions"}],"predecessor-version":[{"id":430,"href":"https:\/\/www.escolasdeveladobrasil.com.br\/index.php?rest_route=\/wp\/v2\/pages\/427\/revisions\/430"}],"wp:attachment":[{"href":"https:\/\/www.escolasdeveladobrasil.com.br\/index.php?rest_route=%2Fwp%2Fv2%2Fmedia&parent=427"}],"curies":[{"name":"wp","href":"https:\/\/api.w.org\/{rel}","templated":true}]}}