{"id":41,"date":"2024-09-18T19:40:52","date_gmt":"2024-09-18T22:40:52","guid":{"rendered":"https:\/\/www.escolasdeveladobrasil.com.br\/?page_id=41"},"modified":"2024-09-18T20:59:17","modified_gmt":"2024-09-18T23:59:17","slug":"visao","status":"publish","type":"page","link":"https:\/\/www.escolasdeveladobrasil.com.br\/?page_id=41","title":{"rendered":"Vis\u00e3o"},"content":{"rendered":"\n<p>Ser a principal refer\u00eancia nacional na padroniza\u00e7\u00e3o e na qualidade do ensino da vela, garantindo o desenvolvimento cont\u00ednuo de instrutores e alunos, com foco em seguran\u00e7a, inclus\u00e3o e respeito ao meio ambiente.<\/p>\n\n\n\n<p>Atrav\u00e9s de a\u00e7\u00f5es inovadoras e colaborativas, buscamos expandir a pr\u00e1tica do esporte e fortalecer o v\u00ednculo das novas gera\u00e7\u00f5es com a vela e o mar, fomentando o desenvolvimento sustent\u00e1vel e o respeito \u00e0s tradi\u00e7\u00f5es marinheiras.<\/p>\n","protected":false},"excerpt":{"rendered":"<p>Ser a principal refer\u00eancia nacional na padroniza\u00e7\u00e3o e na qualidade do ensino da vela, garantindo o desenvolvimento cont\u00ednuo de instrutores e alunos, com foco em seguran\u00e7a, inclus\u00e3o e respeito ao meio ambiente. Atrav\u00e9s de a\u00e7\u00f5es inovadoras e colaborativas, buscamos expandir a pr\u00e1tica do esporte e fortalecer o v\u00ednculo das novas gera\u00e7\u00f5es com a vela e o mar, fomentando o desenvolvimento &hellip; <\/p>\n","protected":false},"author":1,"featured_media":0,"parent":0,"menu_order":0,"comment_status":"closed","ping_status":"closed","template":"","meta":{"footnotes":""},"class_list":["post-41","page","type-page","status-publish","hentry"],"_links":{"self":[{"href":"https:\/\/www.escolasdeveladobrasil.com.br\/index.php?rest_route=\/wp\/v2\/pages\/41","targetHints":{"allow":["GET"]}}],"collection":[{"href":"https:\/\/www.escolasdeveladobrasil.com.br\/index.php?rest_route=\/wp\/v2\/pages"}],"about":[{"href":"https:\/\/www.escolasdeveladobrasil.com.br\/index.php?rest_route=\/wp\/v2\/types\/page"}],"author":[{"embeddable":true,"href":"https:\/\/www.escolasdeveladobrasil.com.br\/index.php?rest_route=\/wp\/v2\/users\/1"}],"replies":[{"embeddable":true,"href":"https:\/\/www.escolasdeveladobrasil.com.br\/index.php?rest_route=%2Fwp%2Fv2%2Fcomments&post=41"}],"version-history":[{"count":2,"href":"https:\/\/www.escolasdeveladobrasil.com.br\/index.php?rest_route=\/wp\/v2\/pages\/41\/revisions"}],"predecessor-version":[{"id":112,"href":"https:\/\/www.escolasdeveladobrasil.com.br\/index.php?rest_route=\/wp\/v2\/pages\/41\/revisions\/112"}],"wp:attachment":[{"href":"https:\/\/www.escolasdeveladobrasil.com.br\/index.php?rest_route=%2Fwp%2Fv2%2Fmedia&parent=41"}],"curies":[{"name":"wp","href":"https:\/\/api.w.org\/{rel}","templated":true}]}}