{"id":403,"date":"2025-04-04T15:54:47","date_gmt":"2025-04-04T18:54:47","guid":{"rendered":"https:\/\/www.escolasdeveladobrasil.com.br\/?page_id=403"},"modified":"2025-10-09T18:31:51","modified_gmt":"2025-10-09T21:31:51","slug":"escolas-associadas","status":"publish","type":"page","link":"https:\/\/www.escolasdeveladobrasil.com.br\/?page_id=403","title":{"rendered":"Escolas\/Instrutores Associados"},"content":{"rendered":"\n<p>P\u00e1gina com atualiza\u00e7\u00f5es constantes&#8230;<\/p>\n\n\n\n<p>Novos membros sempre chegando!<\/p>\n\n\n\n<div style=\"height:20px\" aria-hidden=\"true\" class=\"wp-block-spacer\"><\/div>\n\n\n\n<p><strong>VAMOS VELEJAR FLORIPA<\/strong><\/p>\n\n\n\n<p>Florian\u00f3polis\/SC<\/p>\n\n\n\n<p>Rua Orlando Carioni, 33 &#8211; Lagoa da Concei\u00e7\u00e3o<\/p>\n\n\n\n<ul class=\"wp-block-list\">\n<li>Treinamentos n\u00e1uticos<\/li>\n\n\n\n<li>Aulas<\/li>\n\n\n\n<li>Passeios<\/li>\n\n\n\n<li>Experi\u00eancias<\/li>\n\n\n\n<li>Aluguel de embarca\u00e7\u00f5es<\/li>\n<\/ul>\n\n\n\n<p>Todos s\u00e3o bem-vindos a bordo!<\/p>\n\n\n\n<p><\/p>\n\n\n\n<p><a href=\"http:\/\/www.vamosvelejar.com\">www.vamosvelejar.com<\/a><\/p>\n\n\n\n<p><strong>@vamosvelejarfloripa<\/strong><\/p>\n\n\n\n<div style=\"height:41px\" aria-hidden=\"true\" class=\"wp-block-spacer\"><\/div>\n\n\n\n<p><strong>BEIJUPIRACHARTERS<\/strong><\/p>\n\n\n\n<p>Ubatuba\/SP<\/p>\n\n\n\n<ul class=\"wp-block-list\">\n<li>Veleiro J24<\/li>\n<\/ul>\n\n\n\n<ul class=\"wp-block-list\">\n<li>Aulas de Vela<\/li>\n<\/ul>\n\n\n\n<p>Contato: (11) 974013.3337 &#8211; Priscila<\/p>\n\n\n\n<p><strong>@beijupiracharters<\/strong><\/p>\n\n\n\n<div style=\"height:40px\" aria-hidden=\"true\" class=\"wp-block-spacer\"><\/div>\n\n\n\n<p><strong>PROJETO ELA NA VELA<\/strong><\/p>\n\n\n\n<p>Ilhabela\/SP<\/p>\n\n\n\n<p>Instrutora Marina Bidoia Gerdullo<\/p>\n\n\n\n<p>Fundadora do projeto Ela na Vela iniciado em 2023. J\u00e1 formou 30 velejadoras que participam ativamente de eventos n\u00e1uticos no Brasil.<\/p>\n\n\n\n<p>Capit\u00e3 Amadora com mais de 10 mil milhas navegadas com participa\u00e7\u00e3o em eventos de competi\u00e7\u00e3o nacionais e internacionais e tamb\u00e9m deliveries nacionais e internacionais.<\/p>\n\n\n\n<p><\/p>\n\n\n\n<p>Contato: (11) 99609.1904<\/p>\n\n\n\n<p>E-mail: projeto.elanavela@gmail.com<\/p>\n\n\n\n<p><strong>@elanavela<\/strong><\/p>\n\n\n\n<div style=\"height:40px\" aria-hidden=\"true\" class=\"wp-block-spacer\"><\/div>\n\n\n\n<p><strong>VIX N\u00c1UTICA<\/strong><\/p>\n\n\n\n<p>Vit\u00f3ria &#8211; ES<\/p>\n\n\n\n<p>Curva da Jurema e Ilha das Caieiras<\/p>\n\n\n\n<p>Instrutores: Cartiane Martins (25 anos de experi\u00eancia) e Luis Gustavo Glaber (8 anos de experi\u00eancia)<\/p>\n\n\n\n<ul class=\"wp-block-list\">\n<li>Aulas de monotipo na classe Dingue <\/li>\n<\/ul>\n\n\n\n<ul class=\"wp-block-list\">\n<li>Aulas de vela oce\u00e2nica (Atol 23&#8242; e catamar\u00e3 BV 26&#8242;)<\/li>\n<\/ul>\n\n\n\n<p>Escola fundada h\u00e1 15 anos.<\/p>\n\n\n\n<p>Contato: (27) 99994.7471<\/p>\n\n\n\n<p>www.vixnautica.com.br (em constru\u00e7\u00e3o)<\/p>\n\n\n\n<p><strong>@vix.nautica <\/strong><\/p>\n\n\n\n<div style=\"height:41px\" aria-hidden=\"true\" class=\"wp-block-spacer\"><\/div>\n\n\n\n<p><strong>ESCOLA DE VELA PORTO BELO<\/strong><\/p>\n\n\n\n<p>Porto Belo &#8211; SC<\/p>\n\n\n\n<p>Av. Governador Celso Ramos &#8211; Marina do Jo\u00e3o (junto ao Iate Clube de Porto Belo)<\/p>\n\n\n\n<p>Instrutor: Francisco Bueno (35 anos de experi\u00eancia na vela)<\/p>\n\n\n\n<ul class=\"wp-block-list\">\n<li>Aulas de vela oce\u00e2nica (Fast 345) <\/li>\n<\/ul>\n\n\n\n<p>Escola fundada h\u00e1 5 anos<\/p>\n\n\n\n<p>Contato: (47) 99169.9714<\/p>\n\n\n\n<p><strong>@escoladevelaportobelo<\/strong><\/p>\n\n\n\n<div style=\"height:40px\" aria-hidden=\"true\" class=\"wp-block-spacer\"><\/div>\n\n\n\n<p><strong>CARAVELLAS ESCOLA DE VELA <\/strong><\/p>\n\n\n\n<p>Caraguatatuba &#8211; SP<\/p>\n\n\n\n<p>Av. Hor\u00e1cio Rodrigues, 533 &#8211; Martim de S\u00e1<\/p>\n\n\n\n<p>Instrutores: Filipe (3 anos de experi\u00eancia) e Leonardo (5 anos de experi\u00eancia)<\/p>\n\n\n\n<ul class=\"wp-block-list\">\n<li>Aulas de monotipo &#8211; classes Dingue e Day Sailer<\/li>\n\n\n\n<li>Viv\u00eancia em vela oce\u00e2nica<\/li>\n\n\n\n<li>8 m\u00f3dulos no total<\/li>\n<\/ul>\n\n\n\n<p>Escola fundada h\u00e1 6 meses (mar\u00e7o de 2025)<\/p>\n\n\n\n<p>Contato: (12) 9961.43903<\/p>\n\n\n\n<p><strong>@caravellasescola<\/strong><\/p>\n\n\n\n<div style=\"height:40px\" aria-hidden=\"true\" class=\"wp-block-spacer\"><\/div>\n\n\n\n<p><strong>MAREVENTO<\/strong><\/p>\n\n\n\n<p>Itaja\u00ed &#8211; SC<\/p>\n\n\n\n<p>Rua Carlos Eli 100 &#8211; Marina Itaja\u00ed<\/p>\n\n\n\n<p>Instrutor: Wilson James Correa<\/p>\n\n\n\n<ul class=\"wp-block-list\">\n<li>Aulas de monotipo &#8211; 11 p\u00e9s <\/li>\n\n\n\n<li>Vela Oce\u00e2nica &#8211; veleiro 25 p\u00e9s<\/li>\n\n\n\n<li>Cursos b\u00e1sicos e avan\u00e7ados<\/li>\n\n\n\n<li>Travessias<\/li>\n<\/ul>\n\n\n\n<p>Escola fundada h\u00e1 9 anos<\/p>\n\n\n\n<p>Contato: (47) 99695.9648 \/ 99981.4468<\/p>\n\n\n\n<p>Site: <a href=\"http:\/\/www.marevento.com.br\">www.marevento.com.br<\/a><\/p>\n\n\n\n<p><strong>@mar.e.vento<\/strong><\/p>\n\n\n\n<div style=\"height:40px\" aria-hidden=\"true\" class=\"wp-block-spacer\"><\/div>\n\n\n\n<p><strong>VELEJA COMIGO<\/strong><\/p>\n\n\n\n<p>Ubatuba &#8211; SP<\/p>\n\n\n\n<p>Concei\u00e7\u00e3o do Passo Grande, 153 &#8211; Sert\u00e3o de Ubatumirim<\/p>\n\n\n\n<p>Instrutor: Emerson Rios Viana (6 anos de experi\u00eancia como velejador amador)<\/p>\n\n\n\n<ul class=\"wp-block-list\">\n<li>Introdu\u00e7\u00e3o \u00e0 Vela Oce\u00e2nica &#8211; veleiro Paturi 16 p\u00e9s<\/li>\n\n\n\n<li>Passeios de Veleiro<\/li>\n\n\n\n<li>Hospedagem<\/li>\n<\/ul>\n\n\n\n<p>Sa\u00eddas da Praia do Estaleiro<\/p>\n\n\n\n<p>Escola fundada h\u00e1 4 anos<\/p>\n\n\n\n<p>Contato: (11) 97165.9956<\/p>\n\n\n\n<p><strong>@velejacomigo<\/strong><\/p>\n\n\n\n<div style=\"height:41px\" aria-hidden=\"true\" class=\"wp-block-spacer\"><\/div>\n\n\n\n<p><strong>VELEIRO PLANCKTON<\/strong><\/p>\n\n\n\n<p>Ilhabela &#8211; SP<\/p>\n\n\n\n<p>Praia de Santa Tereza<\/p>\n\n\n\n<p>Instrutores: F\u00e1bio Gandelman (Yachtmaster Offshore RYA &#8211; 30 anos de experi\u00eancia como velejador) e Cec\u00edlia Quaresma (17 anos de experi\u00eancia como velejadora).<\/p>\n\n\n\n<ul class=\"wp-block-list\">\n<li>Inicia\u00e7\u00e3o \u00e0 Vela Oce\u00e2nica &#8211; M\u00f3dulos 1 e 2<\/li>\n\n\n\n<li>Travessias com instru\u00e7\u00e3o<\/li>\n<\/ul>\n\n\n\n<p>22 anos de atividades com o veleiro<\/p>\n\n\n\n<p>Contato: (12) 9888.17101<\/p>\n\n\n\n<p>Site: <a href=\"http:\/\/Ubatuba - SP  Concei\u00e7\u00e3o do Passo Grande, 153 - Sert\u00e3o de Ubatumirim  Instrutor: Emerson Rios Viana (6 anos de experi\u00eancia como velejador amador)  Introdu\u00e7\u00e3o \u00e0 Vela Oce\u00e2nica - veleiro Paturi 16 p\u00e9s  Passeios de Veleiro  Hospedagem  Sa\u00eddas da Praia do Estaleiro  Escola fundada h\u00e1 4 anos  Contato: (11) 97165.9956  @velejacomigo\">www.planckton.com.br<\/a><\/p>\n\n\n\n<p><strong>@veleiro_planckton<\/strong><\/p>\n\n\n\n<div style=\"height:20px\" aria-hidden=\"true\" class=\"wp-block-spacer\"><\/div>\n\n\n\n<p><strong>ESCOLA RUMO OCEANO<\/strong><\/p>\n\n\n\n<p>Ubatuba \u2013 SP<\/p>\n\n\n\n<p>Perequ\u00ea A\u00e7u (com estrutura em terra)<\/p>\n\n\n\n<p>Instrutores: Gian Jaque (48 anos de experi\u00eancia no mar), Luciano Fernandes (+ de 10 anos de experi\u00eancia no mar), Edemilson da Silva (+ de 10 anos de experi\u00eancia no mar), Luiz Dutra (+ de 35 anos de experi\u00eancia no mar) e Andr\u00e9 Leal (+ de 15 anos de experi\u00eancia no mar).<\/p>\n\n\n\n<ul class=\"wp-block-list\">\n<li>Cursos de Vela Oce\u00e2nica \u2013 diversos M\u00f3dulos<\/li>\n\n\n\n<li>Cursos de monotipo<\/li>\n\n\n\n<li>Cursos de Navega\u00e7\u00e3o Costeira Aplicada<\/li>\n\n\n\n<li>Preparat\u00f3rios para as Habilita\u00e7\u00f5es da Marinha (Arrais, Mestre e Motonauta) <\/li>\n\n\n\n<li>Oficinas nas mais diversas \u00e1reas da n\u00e1utica (el\u00e9trica, motor, fibra, sextante entre outros)<\/li>\n\n\n\n<li>Charter<\/li>\n\n\n\n<li>Travessias<\/li>\n\n\n\n<li>Loca\u00e7\u00e3o de veleiros (Tahito 16&#8242; e monotipos)<\/li>\n<\/ul>\n\n\n\n<p><\/p>\n\n\n\n<p>Contato: (11) 9400.57479<\/p>\n\n\n\n<p>Site:&nbsp;<a href=\"http:\/\/Ubatuba%20-%20SP%20%20Concei%C3%A7%C3%A3o%20do%20Passo%20Grande,%20153%20-%20Sert%C3%A3o%20de%20Ubatumirim%20%20Instrutor:%20Emerson%20Rios%20Viana%20(6%20anos%20de%20experi%C3%AAncia%20como%20velejador%20amador)%20%20Introdu%C3%A7%C3%A3o%20%C3%A0%20Vela%20Oce%C3%A2nica%20-%20veleiro%20Paturi%2016%20p%C3%A9s%20%20Passeios%20de%20Veleiro%20%20Hospedagem%20%20Sa%C3%ADdas%20da%20Praia%20do%20Estaleiro%20%20Escola%20fundada%20h%C3%A1%204%20anos%20%20Contato%3A%20(11)%2097165.9956%20%20@velejacomigo\/\">www.rumooceano.com.br<\/a><\/p>\n\n\n\n<p><\/p>\n\n\n\n<p><strong>@rumooceano<\/strong><\/p>\n\n\n\n<div style=\"height:20px\" aria-hidden=\"true\" class=\"wp-block-spacer\"><\/div>\n\n\n\n<p><strong>FREEWINDSURF<\/strong><\/p>\n\n\n\n<p>Niter\u00f3i &#8211; RJ<\/p>\n\n\n\n<p>Av. Carlos Ermelindo Marins, 3.100 &#8211; Jurujuba &#8211; Clube Naval Charitas<\/p>\n\n\n\n<p>Instrutor: Cl\u00e9ber Renn\u00f3 (40 anos de experi\u00eancia)<\/p>\n\n\n\n<p><\/p>\n\n\n\n<ul class=\"wp-block-list\">\n<li>Windsurf<\/li>\n\n\n\n<li>Windfoil<\/li>\n\n\n\n<li>Wingfoil<\/li>\n\n\n\n<li>Stand Up Paddle<\/li>\n<\/ul>\n\n\n\n<p>Escola Fundada h\u00e1 15 anos<\/p>\n\n\n\n<p>Contato: (21) 988943458 <\/p>\n\n\n\n<p>Site: <a href=\"http:\/\/www.freewindsurf.com.br\">http:\/\/www.freewindsurf.com.br<\/a><\/p>\n\n\n\n<p><strong>@freewindsurf<\/strong><\/p>\n","protected":false},"excerpt":{"rendered":"<p>P\u00e1gina com atualiza\u00e7\u00f5es constantes&#8230; Novos membros sempre chegando! VAMOS VELEJAR FLORIPA Florian\u00f3polis\/SC Rua Orlando Carioni, 33 &#8211; Lagoa da Concei\u00e7\u00e3o Todos s\u00e3o bem-vindos a bordo! www.vamosvelejar.com @vamosvelejarfloripa BEIJUPIRACHARTERS Ubatuba\/SP Contato: (11) 974013.3337 &#8211; Priscila @beijupiracharters PROJETO ELA NA VELA Ilhabela\/SP Instrutora Marina Bidoia Gerdullo Fundadora do projeto Ela na Vela iniciado em 2023. J\u00e1 formou 30 velejadoras que participam ativamente &hellip; <\/p>\n","protected":false},"author":1,"featured_media":0,"parent":0,"menu_order":0,"comment_status":"closed","ping_status":"closed","template":"","meta":{"footnotes":""},"class_list":["post-403","page","type-page","status-publish","hentry"],"_links":{"self":[{"href":"https:\/\/www.escolasdeveladobrasil.com.br\/index.php?rest_route=\/wp\/v2\/pages\/403","targetHints":{"allow":["GET"]}}],"collection":[{"href":"https:\/\/www.escolasdeveladobrasil.com.br\/index.php?rest_route=\/wp\/v2\/pages"}],"about":[{"href":"https:\/\/www.escolasdeveladobrasil.com.br\/index.php?rest_route=\/wp\/v2\/types\/page"}],"author":[{"embeddable":true,"href":"https:\/\/www.escolasdeveladobrasil.com.br\/index.php?rest_route=\/wp\/v2\/users\/1"}],"replies":[{"embeddable":true,"href":"https:\/\/www.escolasdeveladobrasil.com.br\/index.php?rest_route=%2Fwp%2Fv2%2Fcomments&post=403"}],"version-history":[{"count":31,"href":"https:\/\/www.escolasdeveladobrasil.com.br\/index.php?rest_route=\/wp\/v2\/pages\/403\/revisions"}],"predecessor-version":[{"id":494,"href":"https:\/\/www.escolasdeveladobrasil.com.br\/index.php?rest_route=\/wp\/v2\/pages\/403\/revisions\/494"}],"wp:attachment":[{"href":"https:\/\/www.escolasdeveladobrasil.com.br\/index.php?rest_route=%2Fwp%2Fv2%2Fmedia&parent=403"}],"curies":[{"name":"wp","href":"https:\/\/api.w.org\/{rel}","templated":true}]}}