{"id":331,"date":"2024-10-15T06:20:27","date_gmt":"2024-10-15T09:20:27","guid":{"rendered":"https:\/\/www.escolasdeveladobrasil.com.br\/?page_id=331"},"modified":"2025-08-08T08:42:32","modified_gmt":"2025-08-08T11:42:32","slug":"definicoes","status":"publish","type":"page","link":"https:\/\/www.escolasdeveladobrasil.com.br\/?page_id=331","title":{"rendered":"Defini\u00e7\u00f5es"},"content":{"rendered":"\n<p>As defini\u00e7\u00f5es a seguir foram elaboradas com o intuito de auxiliar as escolas a identificarem com exatid\u00e3o os tipos de servi\u00e7o oferecidos por elas (<strong>cursos de vela, workshops, cl\u00ednicas, oficinas, charters ou charters com instru\u00e7\u00e3o<\/strong>).<\/p>\n\n\n\n<div style=\"height:21px\" aria-hidden=\"true\" class=\"wp-block-spacer\"><\/div>\n\n\n\n<p><\/p>\n\n\n\n<div style=\"height:20px\" aria-hidden=\"true\" class=\"wp-block-spacer\"><\/div>\n\n\n\n<h3 class=\"wp-block-heading\">Curso<\/h3>\n\n\n\n<p>Um curso \u00e9 uma s\u00e9rie estruturada de instru\u00e7\u00f5es ou treinamentos, frequentemente conduzido ao longo de um per\u00edodo de tempo definido.<\/p>\n\n\n\n<p>Em vela, um curso pode envolver aulas te\u00f3ricas e pr\u00e1ticas, abordando desde os fundamentos b\u00e1sicos at\u00e9 t\u00e9cnicas avan\u00e7adas de navega\u00e7\u00e3o.<\/p>\n\n\n\n<p>Ele pode ser oferecido em n\u00edveis diferentes, desde iniciantes at\u00e9 experientes, e geralmente resulta em um certificado ou reconhecimento formal da habilidade adquirida.<\/p>\n\n\n\n<p><strong>&#8211; Estrutura<\/strong>: um curso \u00e9 tipicamente mais longo e abrangente, cobrindo um conjunto amplo de t\u00f3picos.<\/p>\n\n\n\n<p><strong>&#8211; Dura\u00e7\u00e3o<\/strong>: pode se estender por semanas ou meses, com m\u00faltiplas sess\u00f5es.<\/p>\n\n\n\n<p><strong>&#8211; Conte\u00fado<\/strong>: envolve tanto teoria quanto pr\u00e1tica, e \u00e9 dividido em m\u00f3dulos ou etapas.<\/p>\n\n\n\n<p><strong>&#8211; Certifica\u00e7\u00e3o<\/strong>: muitas vezes, cursos oferecem certifica\u00e7\u00f5es ou credenciais ao final.<\/p>\n\n\n\n<p><strong>&#8211; Objetivo<\/strong>: proporcionar uma compreens\u00e3o profunda e completa de um campo espec\u00edfico, como a navega\u00e7\u00e3o \u00e0 vela, desde os fundamentos at\u00e9 n\u00edveis avan\u00e7ados\u200b.<\/p>\n\n\n\n<p><\/p>\n\n\n\n<div style=\"height:20px\" aria-hidden=\"true\" class=\"wp-block-spacer\"><\/div>\n\n\n\n<h3 class=\"wp-block-heading\"><strong>Workshop<\/strong><\/h3>\n\n\n\n<p>Um workshop \u00e9 um evento de curta dura\u00e7\u00e3o, focado em um tema espec\u00edfico, onde os participantes se envolvem ativamente em exerc\u00edcios pr\u00e1ticos.<\/p>\n\n\n\n<p>No contexto da vela, um workshop pode cobrir t\u00f3picos como manuten\u00e7\u00e3o de embarca\u00e7\u00f5es, t\u00e1ticas de regata, ou meteorologia aplicada \u00e0 navega\u00e7\u00e3o.<\/p>\n\n\n\n<p>Diferente de um curso, que \u00e9 mais longo e abrangente, um workshop \u00e9 intensivo e focado em desenvolver compet\u00eancias espec\u00edficas.<\/p>\n\n\n\n<p><strong>&#8211; Estrutura<\/strong>: focado em um tema ou habilidade espec\u00edfica, com uma abordagem pr\u00e1tica e colaborativa.<\/p>\n\n\n\n<p><strong>&#8211; Dura\u00e7\u00e3o<\/strong>: geralmente curto, durando de algumas horas a poucos dias.<\/p>\n\n\n\n<p><strong>&#8211; Conte\u00fado<\/strong>: menos abrangente que um curso, concentrando-se em aspectos pr\u00e1ticos e aplicados de um t\u00f3pico.<\/p>\n\n\n\n<p><strong>&#8211; Objetivo<\/strong>: desenvolver habilidades espec\u00edficas em um curto per\u00edodo, como t\u00e9cnicas de manobra ou uso de equipamentos de vela\u200b.<\/p>\n\n\n\n<p><\/p>\n\n\n\n<div style=\"height:20px\" aria-hidden=\"true\" class=\"wp-block-spacer\"><\/div>\n\n\n\n<h3 class=\"wp-block-heading\">Cl\u00ednica<\/h3>\n\n\n\n<p>A cl\u00ednica \u00e9 uma sess\u00e3o de treinamento intensivo que combina instru\u00e7\u00e3o e pr\u00e1tica, muitas vezes com foco em melhorar a performance em um aspecto espec\u00edfico.<\/p>\n\n\n\n<p>Na vela, uma cl\u00ednica pode ser dedicada ao aprimoramento de habilidades de regata ou manobras complexas.<\/p>\n\n\n\n<p>\u00c9 normalmente conduzida por um especialista e pode incluir feedback individualizado para cada participante.<\/p>\n\n\n\n<p><strong>&#8211; Estrutura<\/strong>: semelhante a um workshop, mas com foco intensivo em melhorar a performance em uma \u00e1rea espec\u00edfica.<\/p>\n\n\n\n<p><strong>&#8211; Dura\u00e7\u00e3o<\/strong>: curta, mas intensiva, geralmente entre um dia e uma semana.<\/p>\n\n\n\n<p><strong>&#8211; Conte\u00fado<\/strong>: altamente especializado, oferecendo treinamento detalhado e feedback personalizado.<\/p>\n\n\n\n<p><strong>&#8211; Objetivo<\/strong>: refinar e aperfei\u00e7oar habilidades espec\u00edficas, como t\u00e1ticas de regata ou navega\u00e7\u00e3o em condi\u00e7\u00f5es dif\u00edceis\u200b.<\/p>\n\n\n\n<p><\/p>\n\n\n\n<div style=\"height:20px\" aria-hidden=\"true\" class=\"wp-block-spacer\"><\/div>\n\n\n\n<h3 class=\"wp-block-heading\">Oficina<\/h3>\n\n\n\n<p>Similar a um workshop, uma oficina \u00e9 uma sess\u00e3o pr\u00e1tica que envolve a aplica\u00e7\u00e3o direta do conhecimento em um ambiente colaborativo.<\/p>\n\n\n\n<p>Em vela, uma oficina pode ser centrada em tarefas manuais como reparos em velas ou constru\u00e7\u00e3o de n\u00f3s.<\/p>\n\n\n\n<p>A \u00eanfase est\u00e1 na pr\u00e1tica direta e no desenvolvimento de habilidades t\u00e9cnicas espec\u00edficas.<\/p>\n\n\n\n<p><strong>&#8211; Estrutura<\/strong>: focada na aplica\u00e7\u00e3o pr\u00e1tica de conhecimentos, muitas vezes em um ambiente de grupo colaborativo.<\/p>\n\n\n\n<p><strong>&#8211; Dura\u00e7\u00e3o<\/strong>: vari\u00e1vel, mas geralmente de curta a m\u00e9dia dura\u00e7\u00e3o.<\/p>\n\n\n\n<p><strong>&#8211; Conte\u00fado<\/strong>: pr\u00e1tico, com \u00eanfase em realizar tarefas ou resolver problemas espec\u00edficos.<\/p>\n\n\n\n<p><strong>&#8211; Objetivo<\/strong>: facilitar o aprendizado pr\u00e1tico atrav\u00e9s de atividades manuais e participa\u00e7\u00e3o ativa dos alunos, como a confec\u00e7\u00e3o de n\u00f3s ou reparos em equipamentos de vela\u200b.<\/p>\n\n\n\n<p><\/p>\n\n\n\n<div style=\"height:20px\" aria-hidden=\"true\" class=\"wp-block-spacer\"><\/div>\n\n\n\n<h3 class=\"wp-block-heading\">Charter <\/h3>\n\n\n\n<p>\u00c9 um passeio\/atividade de navega\u00e7\u00e3o onde o grupo \u00e9 guiado por um capit\u00e3o experiente, que dirige a rota e supervisiona a opera\u00e7\u00e3o da embarca\u00e7\u00e3o.<\/p>\n\n\n\n<p>Esse tipo de atividade poder\u00e1 incluir breves explica\u00e7\u00f5es sobre os princ\u00edpios de funcionamento do veleiro.<\/p>\n\n\n\n<div style=\"height:20px\" aria-hidden=\"true\" class=\"wp-block-spacer\"><\/div>\n\n\n\n<h3 class=\"wp-block-heading\">Charter com instru\u00e7\u00e3o<\/h3>\n\n\n\n<p>\u00c9 um passeio onde o grupo recebe instru\u00e7\u00f5es sobre manobras, navega\u00e7\u00e3o, e seguran\u00e7a enquanto est\u00e3o a bordo.do. O veleiro \u00e9 conduzido por um instrutor de vela\/capit\u00e3o experiente..<\/p>\n\n\n\n<p>Este tipo de passeio combina a experi\u00eancia recreativa de navegar com elementos educacionais em uma abordagem mais informal do que um curso de vela.<\/p>\n\n\n\n<div style=\"height:20px\" aria-hidden=\"true\" class=\"wp-block-spacer\"><\/div>\n\n\n\n<p><strong>ABEV &#8211; Uni\u00e3o, qualidade e padr\u00e3o no ensino da vela no Brasil<\/strong><\/p>\n\n\n\n<p><\/p>\n","protected":false},"excerpt":{"rendered":"<p>As defini\u00e7\u00f5es a seguir foram elaboradas com o intuito de auxiliar as escolas a identificarem com exatid\u00e3o os tipos de servi\u00e7o oferecidos por elas (cursos de vela, workshops, cl\u00ednicas, oficinas, charters ou charters com instru\u00e7\u00e3o). Curso Um curso \u00e9 uma s\u00e9rie estruturada de instru\u00e7\u00f5es ou treinamentos, frequentemente conduzido ao longo de um per\u00edodo de tempo definido. Em vela, um curso &hellip; <\/p>\n","protected":false},"author":1,"featured_media":0,"parent":0,"menu_order":0,"comment_status":"closed","ping_status":"closed","template":"","meta":{"footnotes":""},"class_list":["post-331","page","type-page","status-publish","hentry"],"_links":{"self":[{"href":"https:\/\/www.escolasdeveladobrasil.com.br\/index.php?rest_route=\/wp\/v2\/pages\/331","targetHints":{"allow":["GET"]}}],"collection":[{"href":"https:\/\/www.escolasdeveladobrasil.com.br\/index.php?rest_route=\/wp\/v2\/pages"}],"about":[{"href":"https:\/\/www.escolasdeveladobrasil.com.br\/index.php?rest_route=\/wp\/v2\/types\/page"}],"author":[{"embeddable":true,"href":"https:\/\/www.escolasdeveladobrasil.com.br\/index.php?rest_route=\/wp\/v2\/users\/1"}],"replies":[{"embeddable":true,"href":"https:\/\/www.escolasdeveladobrasil.com.br\/index.php?rest_route=%2Fwp%2Fv2%2Fcomments&post=331"}],"version-history":[{"count":7,"href":"https:\/\/www.escolasdeveladobrasil.com.br\/index.php?rest_route=\/wp\/v2\/pages\/331\/revisions"}],"predecessor-version":[{"id":452,"href":"https:\/\/www.escolasdeveladobrasil.com.br\/index.php?rest_route=\/wp\/v2\/pages\/331\/revisions\/452"}],"wp:attachment":[{"href":"https:\/\/www.escolasdeveladobrasil.com.br\/index.php?rest_route=%2Fwp%2Fv2%2Fmedia&parent=331"}],"curies":[{"name":"wp","href":"https:\/\/api.w.org\/{rel}","templated":true}]}}