{"id":205,"date":"2024-09-20T16:16:31","date_gmt":"2024-09-20T19:16:31","guid":{"rendered":"https:\/\/www.escolasdeveladobrasil.com.br\/?page_id=205"},"modified":"2025-02-14T11:53:31","modified_gmt":"2025-02-14T14:53:31","slug":"objetivos-estrategicos","status":"publish","type":"page","link":"https:\/\/www.escolasdeveladobrasil.com.br\/?page_id=205","title":{"rendered":"Objetivos"},"content":{"rendered":"\n<ul class=\"wp-block-list\">\n<li>Reunir o maior n\u00famero poss\u00edvel de escolas de vela e instrutores em uma s\u00f3 plataforma de apoio institucional.<\/li>\n<\/ul>\n\n\n\n<ul class=\"wp-block-list\">\n<li>Criar um banco de dados nacional com informa\u00e7\u00f5es sobre as escolas e seus instrutores.<\/li>\n<\/ul>\n\n\n\n<ul class=\"wp-block-list\">\n<li>Estabelecer diretrizes para a cria\u00e7\u00e3o de curr\u00edculos m\u00ednimos e n\u00edveis de progress\u00e3o t\u00e9cnico pedag\u00f3gica desde a inicia\u00e7\u00e3o infantil at\u00e9 a vela oce\u00e2nica.<\/li>\n<\/ul>\n\n\n\n<ul class=\"wp-block-list\">\n<li>Implementar medidas como o uso de equipamentos de seguran\u00e7a, supervis\u00e3o adequada e preven\u00e7\u00e3o de acidentes.<\/li>\n<\/ul>\n\n\n\n<ul class=\"wp-block-list\">\n<li>Promover a capacita\u00e7\u00e3o e o aperfei\u00e7oamento t\u00e9cnico de instrutores atrav\u00e9s de cursos, cl\u00ednicas e workshops.<\/li>\n<\/ul>\n","protected":false},"excerpt":{"rendered":"","protected":false},"author":1,"featured_media":0,"parent":0,"menu_order":0,"comment_status":"closed","ping_status":"closed","template":"","meta":{"footnotes":""},"class_list":["post-205","page","type-page","status-publish","hentry"],"_links":{"self":[{"href":"https:\/\/www.escolasdeveladobrasil.com.br\/index.php?rest_route=\/wp\/v2\/pages\/205","targetHints":{"allow":["GET"]}}],"collection":[{"href":"https:\/\/www.escolasdeveladobrasil.com.br\/index.php?rest_route=\/wp\/v2\/pages"}],"about":[{"href":"https:\/\/www.escolasdeveladobrasil.com.br\/index.php?rest_route=\/wp\/v2\/types\/page"}],"author":[{"embeddable":true,"href":"https:\/\/www.escolasdeveladobrasil.com.br\/index.php?rest_route=\/wp\/v2\/users\/1"}],"replies":[{"embeddable":true,"href":"https:\/\/www.escolasdeveladobrasil.com.br\/index.php?rest_route=%2Fwp%2Fv2%2Fcomments&post=205"}],"version-history":[{"count":4,"href":"https:\/\/www.escolasdeveladobrasil.com.br\/index.php?rest_route=\/wp\/v2\/pages\/205\/revisions"}],"predecessor-version":[{"id":394,"href":"https:\/\/www.escolasdeveladobrasil.com.br\/index.php?rest_route=\/wp\/v2\/pages\/205\/revisions\/394"}],"wp:attachment":[{"href":"https:\/\/www.escolasdeveladobrasil.com.br\/index.php?rest_route=%2Fwp%2Fv2%2Fmedia&parent=205"}],"curies":[{"name":"wp","href":"https:\/\/api.w.org\/{rel}","templated":true}]}}