{"id":2,"date":"2024-09-18T18:43:48","date_gmt":"2024-09-18T21:43:48","guid":{"rendered":"https:\/\/www.escolasdeveladobrasil.com.br\/?page_id=2"},"modified":"2025-02-14T12:00:42","modified_gmt":"2025-02-14T15:00:42","slug":"pagina-exemplo","status":"publish","type":"page","link":"https:\/\/www.escolasdeveladobrasil.com.br\/","title":{"rendered":"Principal"},"content":{"rendered":"\n<figure class=\"wp-block-gallery has-nested-images columns-default is-cropped wp-block-gallery-1 is-layout-flex wp-block-gallery-is-layout-flex\">\n<figure class=\"wp-block-image size-large\"><img loading=\"lazy\" decoding=\"async\" width=\"1024\" height=\"353\" data-id=\"320\" src=\"https:\/\/www.escolasdeveladobrasil.com.br\/wp-content\/uploads\/2024\/10\/jpeg-fundo-branco-cortado-1024x353.jpeg\" alt=\"\" class=\"wp-image-320\" srcset=\"https:\/\/www.escolasdeveladobrasil.com.br\/wp-content\/uploads\/2024\/10\/jpeg-fundo-branco-cortado-1024x353.jpeg 1024w, https:\/\/www.escolasdeveladobrasil.com.br\/wp-content\/uploads\/2024\/10\/jpeg-fundo-branco-cortado-300x104.jpeg 300w, https:\/\/www.escolasdeveladobrasil.com.br\/wp-content\/uploads\/2024\/10\/jpeg-fundo-branco-cortado-768x265.jpeg 768w, https:\/\/www.escolasdeveladobrasil.com.br\/wp-content\/uploads\/2024\/10\/jpeg-fundo-branco-cortado.jpeg 1501w\" sizes=\"auto, (max-width: 1024px) 100vw, 1024px\" \/><\/figure>\n<\/figure>\n\n\n\n<p>A Associa\u00e7\u00e3o Brasileira de Escolas de Vela &#8211; <strong>ABEV <\/strong>\u00e9 uma entidade que visa congregar as escolas de vela, instrutores e professores de vela no Brasil, promovendo a forma\u00e7\u00e3o de velejadores genuinamente capacitados e contribuindo para o desenvolvimento da vela no pa\u00eds.<\/p>\n\n\n\n<p><strong>MISS\u00c3O<\/strong><\/p>\n\n\n\n<p>Congregar e fortalecer as escolas de vela no Brasil, promovendo padr\u00f5es de excel\u00eancia no ensino da vela, incentivando a pr\u00e1tica segura e sustent\u00e1vel da navega\u00e7\u00e3o e formando marinheiros com consci\u00eancia ambiental e amor ao mar.<\/p>\n\n\n\n<p>Promover o ensino da vela de maneira acess\u00edvel, segura e de alta qualidade, congregando as escolas de vela brasileiras para o desenvolvimento t\u00e9cnico e profissional do esporte.<\/p>\n\n\n\n<p>Proporcionar uma forma\u00e7\u00e3o s\u00f3lida para velejadores de todos os n\u00edveis, integrando conhecimento pr\u00e1tico, respeito ao meio ambiente e uma cultura de coopera\u00e7\u00e3o entre os instrutores, alunos e entidades do setor.<\/p>\n\n\n\n<div style=\"height:24px\" aria-hidden=\"true\" class=\"wp-block-spacer\"><\/div>\n\n\n\n<p><strong>ABEV &#8211; Uni\u00e3o, padr\u00e3o e qualidade no ensino da vela no Brasil<\/strong><\/p>\n","protected":false},"excerpt":{"rendered":"<p>A Associa\u00e7\u00e3o Brasileira de Escolas de Vela &#8211; ABEV \u00e9 uma entidade que visa congregar as escolas de vela, instrutores e professores de vela no Brasil, promovendo a forma\u00e7\u00e3o de velejadores genuinamente capacitados e contribuindo para o desenvolvimento da vela no pa\u00eds. MISS\u00c3O Congregar e fortalecer as escolas de vela no Brasil, promovendo padr\u00f5es de excel\u00eancia no ensino da vela, &hellip; <\/p>\n","protected":false},"author":1,"featured_media":0,"parent":0,"menu_order":0,"comment_status":"closed","ping_status":"open","template":"","meta":{"footnotes":""},"class_list":["post-2","page","type-page","status-publish","hentry"],"_links":{"self":[{"href":"https:\/\/www.escolasdeveladobrasil.com.br\/index.php?rest_route=\/wp\/v2\/pages\/2","targetHints":{"allow":["GET"]}}],"collection":[{"href":"https:\/\/www.escolasdeveladobrasil.com.br\/index.php?rest_route=\/wp\/v2\/pages"}],"about":[{"href":"https:\/\/www.escolasdeveladobrasil.com.br\/index.php?rest_route=\/wp\/v2\/types\/page"}],"author":[{"embeddable":true,"href":"https:\/\/www.escolasdeveladobrasil.com.br\/index.php?rest_route=\/wp\/v2\/users\/1"}],"replies":[{"embeddable":true,"href":"https:\/\/www.escolasdeveladobrasil.com.br\/index.php?rest_route=%2Fwp%2Fv2%2Fcomments&post=2"}],"version-history":[{"count":10,"href":"https:\/\/www.escolasdeveladobrasil.com.br\/index.php?rest_route=\/wp\/v2\/pages\/2\/revisions"}],"predecessor-version":[{"id":395,"href":"https:\/\/www.escolasdeveladobrasil.com.br\/index.php?rest_route=\/wp\/v2\/pages\/2\/revisions\/395"}],"wp:attachment":[{"href":"https:\/\/www.escolasdeveladobrasil.com.br\/index.php?rest_route=%2Fwp%2Fv2%2Fmedia&parent=2"}],"curies":[{"name":"wp","href":"https:\/\/api.w.org\/{rel}","templated":true}]}}