{"id":11,"date":"2024-09-18T19:34:04","date_gmt":"2024-09-18T22:34:04","guid":{"rendered":"https:\/\/www.escolasdeveladobrasil.com.br\/?page_id=11"},"modified":"2025-04-04T15:52:10","modified_gmt":"2025-04-04T18:52:10","slug":"associados","status":"publish","type":"page","link":"https:\/\/www.escolasdeveladobrasil.com.br\/?page_id=11","title":{"rendered":"Escolas Fundadoras"},"content":{"rendered":"\n<p><\/p>\n\n\n\n<figure class=\"wp-block-image size-large\"><img loading=\"lazy\" decoding=\"async\" width=\"1024\" height=\"353\" src=\"https:\/\/www.escolasdeveladobrasil.com.br\/wp-content\/uploads\/2024\/10\/jpeg-fundo-branco-cortado-3-1024x353.jpeg\" alt=\"\" class=\"wp-image-326\" srcset=\"https:\/\/www.escolasdeveladobrasil.com.br\/wp-content\/uploads\/2024\/10\/jpeg-fundo-branco-cortado-3-1024x353.jpeg 1024w, https:\/\/www.escolasdeveladobrasil.com.br\/wp-content\/uploads\/2024\/10\/jpeg-fundo-branco-cortado-3-300x104.jpeg 300w, https:\/\/www.escolasdeveladobrasil.com.br\/wp-content\/uploads\/2024\/10\/jpeg-fundo-branco-cortado-3-768x265.jpeg 768w, https:\/\/www.escolasdeveladobrasil.com.br\/wp-content\/uploads\/2024\/10\/jpeg-fundo-branco-cortado-3.jpeg 1501w\" sizes=\"auto, (max-width: 1024px) 100vw, 1024px\" \/><\/figure>\n\n\n\n<div style=\"height:24px\" aria-hidden=\"true\" class=\"wp-block-spacer\"><\/div>\n\n\n\n<ul class=\"wp-block-list\">\n<li><strong>ESCOLA DE VELA KALUAN\u00c3<\/strong><\/li>\n<\/ul>\n\n\n\n<p><a href=\"http:\/\/www.escoladevelakaluana.com.br\">www.escoladevelakaluana.com.br<\/a><\/p>\n\n\n\n<p><a href=\"http:\/\/kaluanavela\/\">@kaluanavela<\/a><\/p>\n\n\n\n<p>-Yacht Club Itaupu \u2013 Represa de Guarapiranga \u2013 S\u00e3o Paulo\/SP<\/p>\n\n\n\n<p>-Marina Bracuhy \u2013 Angra dos Reis\/RJ<\/p>\n\n\n\n<p>-Saco da Capela &#8211; Ilhabela\/SP<\/p>\n\n\n\n<p><\/p>\n\n\n\n<p><strong>Sobre:<\/strong><\/p>\n\n\n\n<p><strong>Somos apaixonados pela Vela Oce\u00e2nica. O prop\u00f3sito da Escola de Vela Kaluan\u00e3 \u00e9 aproximar as pessoas da vela e dar acesso a forma\u00e7\u00e3o de qualidade para que elas possam navegar com seguran\u00e7a e de forma auton\u00f4ma.<\/strong><\/p>\n\n\n\n<p><strong>Nosso portf\u00f3lio de cursos busca atender o velejador de oceano nos mais diversos temas. Desenvolvemos metodologia pr\u00f3pria para formar e desenvolver velejadores de Regatas e Cruzeiristas.<\/strong><\/p>\n\n\n\n<p>Pensando no aprendizado completo e cont\u00ednuo de nossos alunos, criamos a mais completa Metodologia de Ensino para Velejadores de Oceano.<\/p>\n\n\n\n<p>Ap\u00f3s a conclus\u00e3o do n\u00edvel b\u00e1sico nosso aluno escolhe qual rumo pretende seguir com seu desenvolvimento.<\/p>\n\n\n\n<div style=\"height:31px\" aria-hidden=\"true\" class=\"wp-block-spacer\"><\/div>\n\n\n\n<ul class=\"wp-block-list\">\n<li><strong>ESCOLA DE VELA CUSCO BALDOSO<\/strong><\/li>\n<\/ul>\n\n\n\n<p><a href=\"http:\/\/www.cuscobaldoso.com.br\/\">www.cuscobaldoso.com.br<\/a><\/p>\n\n\n\n<p><a href=\"http:\/\/cuscobaldoso\/\">@cuscobaldoso<\/a><\/p>\n\n\n\n<p>Av. Maria de Oliveira Chere, 140 \u2013 Marina Supmar \u2013 Guaruj\u00e1\/SP<\/p>\n\n\n\n<p><\/p>\n\n\n\n<p><strong>Sobre:<\/strong><\/p>\n\n\n\n<p>A paix\u00e3o do Juca pela vela oce\u00e2nica j\u00e1 vem de muitos anos\u2026<\/p>\n\n\n\n<p>Em 2008, transformou seu amor pela escrita em um blog compartilhando suas experi\u00eancias e desventuras no mar.<\/p>\n\n\n\n<p>J\u00e1 em abril de 2012, nasceu a escola Cusco Baldoso (na g\u00edria ga\u00facha \u201cc\u00e3o manhoso\u201d), nome usado no blog e dado ao seu primeiro barco. Desde ent\u00e3o j\u00e1 mais de 2.000 vidas impactadas pela vela.<\/p>\n\n\n\n<p>Hoje o Juca recebe pessoas em v\u00e1rias fases de suas jornadas e dispostas a desenvolver uma paix\u00e3o nova pelo mar e pela vida!<\/p>\n\n\n\n<div style=\"height:30px\" aria-hidden=\"true\" class=\"wp-block-spacer\"><\/div>\n\n\n\n<ul class=\"wp-block-list\">\n<li><strong>PERA N\u00c1UTICA<\/strong><\/li>\n<\/ul>\n\n\n\n<p><a href=\"http:\/\/www.peranautica.com.br\">www.peranautica.com.br<\/a><\/p>\n\n\n\n<p><a href=\"http:\/\/pera_nautica\/\">@pera_nautica<\/a><\/p>\n\n\n\n<p>Rua Valentim Ramos Delano, 151 \u2013 Represa de Guarapiranga \u2013 S\u00e3o Paulo\/SP<\/p>\n\n\n\n<p><\/p>\n\n\n\n<p><strong>Sobre:<\/strong><\/p>\n\n\n\n<p><strong>A Pera N\u00e1utica <\/strong>\u00e9 um centro n\u00e1utico, especializado em vela, localizada em um dos principais celeiros de velejadores do pa\u00eds, a Represa de Guarapiranga. A Pera N\u00e1utica (PN) \u00e9 o local certo para marujos de primeira viagem e para velhos lobos do mar, ou seja, temos prazer em formar novos velejadores e nossa estrutura est\u00e1 pronta para atender aos velejadores experientes!<\/p>\n\n\n\n<p>Nossa sala de aula \u00e9 a represa, come\u00e7ando pelo gramado, onde o bom velejador sente o vento no rosto pela primeira vez e conhece o barco. A partir da\u00ed, com as aulas pr\u00e1ticas a bordo e o coaching do capit\u00e3o Pera, o aprendizado e a t\u00e9cnica na vela n\u00e3o param de evoluir.<br>Al\u00e9m de formar velejadores, aqui voc\u00ea pode simplesmente navegar com o Capit\u00e3o Pera e viver a experi\u00eancia da vela pela primeira vez. Se j\u00e1 \u00e9 velejador, pode alugar um veleiro. Se quiser curtir a natureza e remar, alugue um caiaque e receba toda orienta\u00e7\u00e3o para curtir a Guarapiranga.<\/p>\n\n\n\n<p>J\u00e1 tem seu barco? A Pera N\u00e1utica tamb\u00e9m funciona como Marina. Cada barco tem local pr\u00f3prio e h\u00e1 espa\u00e7o reservado para a montagem e prepara\u00e7\u00e3o. As velas e pe\u00e7as m\u00f3veis s\u00e3o guardadas em sala fechada. Tudo protegido, organizado e bem cuidado por quem entende do assunto.<\/p>\n\n\n\n<p>Viva toda a experi\u00eancia n\u00e1utica em S\u00e3o Paulo.<\/p>\n\n\n\n<p>A Pera N\u00e1utica \u00e9 o porto de partida do bom navegador!<\/p>\n\n\n\n<div style=\"height:31px\" aria-hidden=\"true\" class=\"wp-block-spacer\"><\/div>\n\n\n\n<ul class=\"wp-block-list\">\n<li><strong>TRAVESSIAS OCE\u00c2NICAS\/SV PANGEIA<\/strong><\/li>\n<\/ul>\n\n\n\n<p><a href=\"http:\/\/www.travessiasoceanicas.com\/\">www.travessiasoceanicas.com<\/a><\/p>\n\n\n\n<p><a href=\"http:\/\/svpangeia\/\">@travessiasoceanicas<\/a><\/p>\n\n\n\n<p>Rodovia Gilson da Costa Xavier, 125 \u2013 Bairro Santo Ant\u00f4nio de Lisboa \u2013 Florian\u00f3polis\/SC<\/p>\n\n\n\n<p><\/p>\n\n\n\n<p><strong>Sobre:<\/strong><\/p>\n\n\n\n<p><strong>Seja muito bem vindo a bordo!<\/strong><\/p>\n\n\n\n<p>Embarque em nossas Clinicas de Vela e Navega\u00e7\u00e3o Oce\u00e2nicas, no veleiro PANGEIA voc\u00ea encontrar\u00e1 seguran\u00e7a, aprendizado, aventura e novos amigos que juntos partilham o amor pelo Mar e o sonho de velejar livre, ao sabor do vento !<\/p>\n\n\n\n<p>Embarcamos tripulantes com ou sem experi\u00eancia n\u00e1utica, mas com muita vontade de participar das nossas expedi\u00e7\u00f5es e viver a experi\u00eancia da vela oce\u00e2nica.<\/p>\n\n\n\n<p>Nossas Travessias s\u00e3o no formato de Cl\u00ednicas de Vela Oce\u00e2nica, em m\u00e9dia 3 a 7 dias embarcados entre portos da costa brasileira. S\u00e3o direcionadas a todos, pessoas com ou sem experi\u00eancia pr\u00e9via de vela e mar, mas com muita disposi\u00e7\u00e3o em &#8220;viver&#8221; uma semana a bordo, aprender a velejar, utilizar carta n\u00e1utica, GPS e outros instrumentos de navega\u00e7\u00e3o e realizar uma travessia entre portos da costa brasileira.<\/p>\n\n\n\n<p>O veleiro Pangeia possui 3 cabines fechadas, com duas camas em cada, oferecendo conforto e privacidade aos nossos alunos.<\/p>\n\n\n\n<p>Embarcamos no m\u00e1ximo 6 alunos por Travessia, n\u00e3o \u00e9 necess\u00e1rio fechar grupo.<\/p>\n\n\n\n<p><strong> <\/strong><\/p>\n\n\n\n<div style=\"height:32px\" aria-hidden=\"true\" class=\"wp-block-spacer\"><\/div>\n\n\n\n<ul class=\"wp-block-list\">\n<li><strong>NA VELA PARATY<\/strong><\/li>\n<\/ul>\n\n\n\n<p><a href=\"http:\/\/navelaparaty\/\">@navelaparaty<\/a><\/p>\n\n\n\n<p>Av. Jabaquara, 883 \u2013 Jabaquara \u2013 Paraty\/RJ<\/p>\n\n\n\n<p>Telefone\/whatsapp: (024) 992050666<\/p>\n\n\n\n<p><\/p>\n\n\n\n<p><strong>Sobre:<\/strong><\/p>\n\n\n\n<p>Forma\u00e7\u00e3o n\u00e1utica para crian\u00e7as, jovens e adultos. <\/p>\n\n\n\n<p>Instrutora: Bianca Nascimento Lopes Martins<\/p>\n\n\n\n<div style=\"height:31px\" aria-hidden=\"true\" class=\"wp-block-spacer\"><\/div>\n\n\n\n<ul class=\"wp-block-list\">\n<li><strong>C&amp;L<\/strong><\/li>\n<\/ul>\n\n\n\n<p><a href=\"http:\/\/www.clvela.com.br\/\">www.clvela.com.br<\/a><\/p>\n\n\n\n<p><a href=\"http:\/\/cl_vela\/\">@cl_vela<\/a><\/p>\n\n\n\n<p>Av. Infante Dom Henrique, s\/n \u2013 Marina da Gl\u00f3ria, loja 17B- Rio de Janeiro\/RJ<\/p>\n\n\n\n<p><\/p>\n\n\n\n<p><strong>Sobre:<\/strong><\/p>\n\n\n\n<p>A escola CL Vela nasceu no inicio de 1990 com o objetivo de difundir as atividades n\u00e1uticas no Rio de Janeiro e proporcionar \u00e0s pessoas o acesso ao mar sem a necessidade de serem s\u00f3cias de um clube n\u00e1utico.<\/p>\n\n\n\n<p>A oportunidade \u00e9 para todos que amam a natureza e buscam uma atividade saud\u00e1vel e que funcione como excelente terapia.<\/p>\n\n\n\n<p>Seus idealizadores C\u00edntia Knoth e Luiz Evangelista criaram um projeto de inicia\u00e7\u00e3o e aperfei\u00e7oamento n\u00e1utico, pioneiro no Brasil, de alto n\u00edvel did\u00e1tico e profissional, com credibilidade comprovada e seguran\u00e7a absoluta.<\/p>\n\n\n\n<p>A sede da escola est\u00e1 na marina da Gl\u00f3ria, onde conta com uma infraestrutura completa para atender seus alunos com qualidade e seguran\u00e7a, oferecendo cursos para as habilita\u00e7\u00f5es de Arrais, Mestre, Capit\u00e3o Amador e Motonauta (para condu\u00e7\u00e3o de jet-ski).<\/p>\n\n\n\n<div style=\"height:32px\" aria-hidden=\"true\" class=\"wp-block-spacer\"><\/div>\n\n\n\n<ul class=\"wp-block-list\">\n<li><strong>N\u00c1UTICA SETE MARES<\/strong><\/li>\n<\/ul>\n\n\n\n<p><a href=\"http:\/\/www.nauticasetemares.com.br\">www.nauticasetemares.com.br<\/a><\/p>\n\n\n\n<p><a href=\"http:\/\/nautica_setemares\/\">@nautica_setemares<\/a><\/p>\n\n\n\n<p>Av. Portugal 936 \u2013 Urca \u2013 Rio de Janeiro\/RJ<\/p>\n\n\n\n<p><\/p>\n\n\n\n<p><strong>Sobre:<\/strong><\/p>\n\n\n\n<p>O instrutor \u00e9 Danilo Balbi, velejador e skipper profissional, capit\u00e3o amador e Yachtmaster Offshore, com mais de 45 mil milhas navegadas, sendo 8 travessias do Atl\u00e2ntico.<\/p>\n\n\n\n<div style=\"height:31px\" aria-hidden=\"true\" class=\"wp-block-spacer\"><\/div>\n\n\n\n<ul class=\"wp-block-list\">\n<li><strong>ESCOLA DE VELA OCEANO<\/strong><\/li>\n<\/ul>\n\n\n\n<p><a href=\"http:\/\/www.escoladevelaoceano.com.br\/\">www.escoladevelaoceano.com.br<\/a><\/p>\n\n\n\n<p><a href=\"http:\/\/escoladevelaoceano\/\">@escoladevelaoceano<\/a><\/p>\n\n\n\n<p>Rodovia Gilson da Costa Xavier, 125 \u2013 Bairro Santo Ant\u00f4nio de Lisboa \u2013 Florian\u00f3polis\/SC<\/p>\n\n\n\n<p><strong>Sobre: <\/strong><\/p>\n\n\n\n<p>Instrutor: Marcelo Visintainer Lopes (56). <\/p>\n\n\n\n<p>50 anos de vela e 35 anos de experi\u00eancia em instru\u00e7\u00e3o.<\/p>\n\n\n\n<p>Especializado em ensino e treinamento de alta performance na \u00e1rea n\u00e1utica.<\/p>\n\n\n\n<p>Possui vasta experi\u00eancia em navega\u00e7\u00e3o oce\u00e2nica e no desenvolvimento de programas educacionais que reduzem a curva de aprendizado.<\/p>\n\n\n\n<p>Conhecido pela capacidade de transmitir de maneira f\u00e1cil, explica\u00e7\u00f5es sobre conceitos extremamente complexos, o que faz com que suas aulas se tornem extremamente interessantes e envolventes.<\/p>\n\n\n\n<p>Tecnicamente inquieto, Marcelo busca constantemente o aperfei\u00e7oamento profissional, destacando-se n\u00e3o s\u00f3 por suas habilidades did\u00e1ticas, mas tamb\u00e9m por suas qualidades de \u201cHomem do Mar\u201d e pela paix\u00e3o em formar velejadores de alta performance.<\/p>\n\n\n\n<p>Com uma trajet\u00f3ria repleta de experi\u00eancias em travessias e competi\u00e7\u00f5es, dedica\u00e7\u00e3o, const\u00e2ncia e muito foco, Marcelo tornou-se uma das principais refer\u00eancias no ensino da vela no Brasil.<\/p>\n\n\n\n<p>\u00c9 casado h\u00e1 30 anos, av\u00f4, pai de um casal de filhos e residente na Praia do Silveira em Garopaba\/SC.<\/p>\n\n\n\n<div style=\"height:31px\" aria-hidden=\"true\" class=\"wp-block-spacer\"><\/div>\n\n\n\n<ul class=\"wp-block-list\">\n<li><strong>TIO SPINELLI<\/strong><\/li>\n<\/ul>\n\n\n\n<p><a href=\"http:\/\/www.tio-spinelli.com\/\">www.tio-spinelli.com<\/a><\/p>\n\n\n\n<p><a href=\"http:\/\/tio-spinelli\/\">@tio_spinelli<\/a><\/p>\n\n\n\n<p>Av. Josias Ramos Nogueira, 588 \u2013 Saco da Ribeira \u2013 Ubatuba\/SP<\/p>\n\n\n\n<p>Telefone\/whatsapp: (11) 994408180<\/p>\n\n\n\n<p><strong>Sobre:<\/strong><\/p>\n\n\n\n<p>O engenheiro automobil\u00edstico Jos\u00e9 Spinelli Neto, conhecidos por todos como \u201cTio\u201d,resolveu mudar de vida junto da sua grande incentivadora e esposa Cec\u00edlia Vaz.<\/p>\n\n\n\n<p>Deixou a sua carreira em S\u00e3o Paulo, e se mudou para Ubatuba, para se dedicar \u00e0 constru\u00e7\u00e3o do seu Veleiro, Soneca.<\/p>\n\n\n\n<p>O mergulho foi sua porta de entrada para o mar em 1976. A necessidade de locomo\u00e7\u00e3o at\u00e9 pontos interessantes para essa pr\u00e1tica despertou a vontade de aprender a velejar.<\/p>\n\n\n\n<p>Tamb\u00e9m ex-piloto de planador, sua mente cient\u00edfica fez as liga\u00e7\u00f5es e o amor pelo veleiro come\u00e7ou a\u00ed.<\/p>\n\n\n\n<p>Iniciou sua trajet\u00f3ria com um veleiro pequeno, chegou a ter uma traineira, mas o barulho do motor e cheiro do diesel sempre foram uma pedra no seu sapato, com isso comprou um projeto para iniciar a constru\u00e7\u00e3o do seu pr\u00f3prio veleiro. Queria ter a certeza da qualidade de todo material utilizado para garantir a sua seguran\u00e7a e de sua fam\u00edlia. Perfeccionista em tudo o que faz, a constru\u00e7\u00e3o prevista para durar 3 anos durou 12 anos e o valor tamb\u00e9m sofreu uma multiplica\u00e7\u00e3o consider\u00e1vel, e muitas m\u00e3os somaram a essa empreitada.<\/p>\n\n\n\n<p>O Soneca foi para \u00e1gua e a conex\u00e3o com o seu capit\u00e3o era not\u00e1vel, essa rela\u00e7\u00e3o se estreitava a cada dia. Com um dom natural pelo ensino, e uma personalidade determinada e investigativa que se aprofunda no que gosta, tornou-se instrutor de mergulho em 1999, e em 2016 iniciou com as aulas de vela que s\u00e3o hoje o foco do Veleiro Soneca. A Escola de Vela Oce\u00e2nica.<\/p>\n\n\n\n<p>Com 47.000 milhas navegadas, uma viagem de instru\u00e7\u00e3o at\u00e9 a Argentina e duas travessias do Atl\u00e2ntico at\u00e9 Cape Town, Africa do Sul, o Tio \u00e9 muito reconhecido dentro da<\/p>\n\n\n\n<p>\u00e1rea pela sua maneira l\u00fadica e divertida de ensinar, e ainda mais pelo conte\u00fado muito completo, seus cursos podem ser ministrados para qualquer n\u00edvel de velejador, at\u00e9 para aqueles que nunca entraram em um veleiro antes.<\/p>\n\n\n\n<p>A experi\u00eancia dos cursos com o Tio \u00e9 indescrit\u00edvel. O amor pelo que faz \u00e9 muito envolvente, o que faz com que os alunos se contagiem por esse mundo lindo da vela, e vire f\u00e3 do seu trabalho, humildade e metodologia de ensino. A porcentagem de retorno para os pr\u00f3ximos m\u00f3dulos \u00e9 alt\u00edssima, e todos encantados com tamanha sabedoria do Tio.<\/p>\n\n\n\n<p>Em 2018, o Tio e o Veleiro Soneca fizeram sua primeira Travessia Brasil \u2013 \u00c1frica, totalizando 93 dias entre ida e volta, com parada na Ilha de Santa Helena.<\/p>\n\n\n\n<p>O sucesso foi tamanho, que no final de 2019, atendendo a muitos pedidos e ao pr\u00f3prio espirito aventureiro, a dupla (Tio e Veleiro) saiu novamente para mais uma travessia, desta vez, com 2 alunos na ida, totalizando os mesmos 93 dias no mar.<\/p>\n\n\n\n<p>Com 71 anos completos em abril de 2021, se preparam agora para a 3\u00aa e \u00faltima (ser\u00e1?) travessia.<\/p>\n\n\n\n<p>A turma de 4 alunos que acompanhar\u00e1 a ida \u00e9 composta por 3 mulheres e 1 homem.<\/p>\n\n\n\n<p>Existem tamb\u00e9m 4 alunos que far\u00e3o a volta. Uma das mulheres da ida, outras duas<\/p>\n\n\n\n<p>mulheres e 1 outro homem.<\/p>\n\n\n\n<p>Ser\u00e1 poss\u00edvel acompanhar o trajeto atrav\u00e9s do link: https:\/\/share.garmin.com\/RTGKF e not\u00edcias em nosso instagram @tio_spinelli<\/p>\n\n\n\n<p><\/p>\n\n\n\n<div style=\"height:32px\" aria-hidden=\"true\" class=\"wp-block-spacer\"><\/div>\n\n\n\n<ul class=\"wp-block-list\">\n<li><strong>ANGRA SAILING SCHOOL<\/strong><\/li>\n<\/ul>\n\n\n\n<p><a href=\"http:\/\/@angra_sailing_school\">@angra_sailing_school<\/a><\/p>\n\n\n\n<p>Estrada do Laborat\u00f3rio, s\/n &#8211; Marina Piraquara &#8211; Angra dos Reis\/RJ<\/p>\n\n\n\n<p><strong>Sobre:<\/strong><\/p>\n\n\n\n<p>Desde 2005 atuando como instrutor de vela particular nas classes oceano e monotipo (Laser e Dingue). Experi\u00eancia em regatas de oceano desde 1999. <\/p>\n\n\n\n<p>As aulas s\u00e3o ministradas aos finais de semana e feriados com pacotes de 12 horas por m\u00f3dulo. <\/p>\n\n\n\n<p>Do m\u00f3dulo b\u00e1sico ao avan\u00e7ado e o m\u00f3dulo espec\u00edfico &#8220;T\u00e1ticas de Regata&#8221;.<\/p>\n\n\n\n<p>Instrutor: Peter Diedrich<\/p>\n","protected":false},"excerpt":{"rendered":"<p>www.escoladevelakaluana.com.br @kaluanavela -Yacht Club Itaupu \u2013 Represa de Guarapiranga \u2013 S\u00e3o Paulo\/SP -Marina Bracuhy \u2013 Angra dos Reis\/RJ -Saco da Capela &#8211; Ilhabela\/SP Sobre: Somos apaixonados pela Vela Oce\u00e2nica. O prop\u00f3sito da Escola de Vela Kaluan\u00e3 \u00e9 aproximar as pessoas da vela e dar acesso a forma\u00e7\u00e3o de qualidade para que elas possam navegar com seguran\u00e7a e de forma auton\u00f4ma. &hellip; <\/p>\n","protected":false},"author":1,"featured_media":0,"parent":0,"menu_order":0,"comment_status":"closed","ping_status":"closed","template":"","meta":{"footnotes":""},"class_list":["post-11","page","type-page","status-publish","hentry"],"_links":{"self":[{"href":"https:\/\/www.escolasdeveladobrasil.com.br\/index.php?rest_route=\/wp\/v2\/pages\/11","targetHints":{"allow":["GET"]}}],"collection":[{"href":"https:\/\/www.escolasdeveladobrasil.com.br\/index.php?rest_route=\/wp\/v2\/pages"}],"about":[{"href":"https:\/\/www.escolasdeveladobrasil.com.br\/index.php?rest_route=\/wp\/v2\/types\/page"}],"author":[{"embeddable":true,"href":"https:\/\/www.escolasdeveladobrasil.com.br\/index.php?rest_route=\/wp\/v2\/users\/1"}],"replies":[{"embeddable":true,"href":"https:\/\/www.escolasdeveladobrasil.com.br\/index.php?rest_route=%2Fwp%2Fv2%2Fcomments&post=11"}],"version-history":[{"count":38,"href":"https:\/\/www.escolasdeveladobrasil.com.br\/index.php?rest_route=\/wp\/v2\/pages\/11\/revisions"}],"predecessor-version":[{"id":401,"href":"https:\/\/www.escolasdeveladobrasil.com.br\/index.php?rest_route=\/wp\/v2\/pages\/11\/revisions\/401"}],"wp:attachment":[{"href":"https:\/\/www.escolasdeveladobrasil.com.br\/index.php?rest_route=%2Fwp%2Fv2%2Fmedia&parent=11"}],"curies":[{"name":"wp","href":"https:\/\/api.w.org\/{rel}","templated":true}]}}